{"id":509576,"date":"2025-01-25T00:35:48","date_gmt":"2025-01-24T23:35:48","guid":{"rendered":"https:\/\/shop.kustom.ch\/?post_type=product&#038;p=509576"},"modified":"2026-03-31T12:02:53","modified_gmt":"2026-03-31T11:02:53","slug":"the-car-coat","status":"publish","type":"product","link":"https:\/\/shop.kustom.ch\/fr\/produit\/the-car-coat\/","title":{"rendered":"The Car Coat"},"content":{"rendered":"<p>Il s'agit d'un manteau long \u00be classique, l\u00e9g\u00e8rement doubl\u00e9, qui va avec tout. Portez-le sur un pull universitaire ou un costume. Dans les deux cas, vous aurez l'air \u00e9l\u00e9gante. Le tissu respire bien et est imperm\u00e9able. Le manteau a deux poches avant avec fermeture \u00e0 bouton et une poche int\u00e9rieure. Il a une coupe r\u00e9guli\u00e8re et convient parfaitement comme couche ext\u00e9rieure ; portez-le sur une chemise, un pull et un blazer.<\/p>\n<p>Mati\u00e8re : 100% polyester recycl\u00e9<\/p>","protected":false},"excerpt":{"rendered":"<p>Dies ist ein klassischer, leicht gef\u00fctterter \u00be lange Mantel, der zu allem passt. Tragen Sie ihn \u00fcber einen College-Pullover oder einen Anzug. So oder so sehen Sie elegant aus. Der Stoff atmet gut und ist wasserabweisend. Der Mantel hat zwei Fronttaschen mit Knopfverschluss und eine Innentasche. Er hat eine regul\u00e4re Passform und ist perfekt als [&hellip;]<\/p>\n","protected":false},"featured_media":509619,"template":"","meta":[],"product_brand":[],"product_cat":[4186],"product_tag":[],"class_list":{"0":"post-509576","1":"product","2":"type-product","3":"status-publish","4":"has-post-thumbnail","6":"product_cat-jacken","7":"pa_brand-harvest-frost","8":"pa_brand-type-workwear","9":"pa_filter-color-schwarz","11":"first","12":"instock","13":"sale","14":"taxable","15":"shipping-taxable","16":"purchasable","17":"product-type-variable","18":"add-to-wishlist-before_image"},"exclude_global_add_ons":[],"addons":[],"acf":[],"_links":{"self":[{"href":"https:\/\/shop.kustom.ch\/fr\/wp-json\/wp\/v2\/product\/509576"}],"collection":[{"href":"https:\/\/shop.kustom.ch\/fr\/wp-json\/wp\/v2\/product"}],"about":[{"href":"https:\/\/shop.kustom.ch\/fr\/wp-json\/wp\/v2\/types\/product"}],"wp:featuredmedia":[{"embeddable":true,"href":"https:\/\/shop.kustom.ch\/fr\/wp-json\/wp\/v2\/media\/509619"}],"wp:attachment":[{"href":"https:\/\/shop.kustom.ch\/fr\/wp-json\/wp\/v2\/media?parent=509576"}],"wp:term":[{"taxonomy":"product_brand","embeddable":true,"href":"https:\/\/shop.kustom.ch\/fr\/wp-json\/wp\/v2\/product_brand?post=509576"},{"taxonomy":"product_cat","embeddable":true,"href":"https:\/\/shop.kustom.ch\/fr\/wp-json\/wp\/v2\/product_cat?post=509576"},{"taxonomy":"product_tag","embeddable":true,"href":"https:\/\/shop.kustom.ch\/fr\/wp-json\/wp\/v2\/product_tag?post=509576"}],"curies":[{"name":"wp","href":"https:\/\/api.w.org\/{rel}","templated":true}]}}