{"id":509437,"date":"2025-01-25T00:35:06","date_gmt":"2025-01-24T23:35:06","guid":{"rendered":"https:\/\/shop.kustom.ch\/?post_type=product&#038;p=509437"},"modified":"2026-03-31T12:06:12","modified_gmt":"2026-03-31T11:06:12","slug":"red-bow-24-lady","status":"publish","type":"product","link":"https:\/\/shop.kustom.ch\/fr\/produit\/red-bow-24-lady\/","title":{"rendered":"Red Bow 24 lady"},"content":{"rendered":"<p>De fines rayures blanches sur des tissus bleus ou gris donnent \u00e0 cette chemise un caract\u00e8re tr\u00e8s moderne. Elle se pr\u00eate parfaitement aux combinaisons avec diff\u00e9rentes couleurs et motifs. Elle est particuli\u00e8rement efficace lorsqu'elle est associ\u00e9e \u00e0 un blanc \u00e9clatant ou \u00e0 d'autres tons de bleu. La chemise est fabriqu\u00e9e dans un tissu serg\u00e9 de haute qualit\u00e9, ce qui la rend agr\u00e9able \u00e0 porter et donne encore plus d'effet aux couleurs. Avec cette chemise, le trajet entre le rendez-vous d'affaires et la soir\u00e9e ne pose aucun probl\u00e8me.<br \/>\n- Collection Red Bow<br \/>\n- Tissu popeline \u00e0 fines rayures<br \/>\n- 100% Coton<br \/>\n- 2 couches de coton compact \u00e0 longues fibres<br \/>\n- Non-Iron (sans repassage) traitement environnemental brevet\u00e9<br \/>\n- convient aux machines \u00e0 laver<br \/>\n- Split Back Yoke assure des \u00e9paules lisses et profil\u00e9es et une plus grande libert\u00e9 de mouvement<br \/>\n- Les Taped Main Seams conf\u00e8rent \u00e0 la chemise un look frais et exclusif apr\u00e8s chaque lavage. Pas de plis<br \/>\n- Col semi-coup\u00e9<br \/>\n- Manches longues<br \/>\n- poignets avec boutonni\u00e8re suppl\u00e9mentaire pour les boutons de manchette<br \/>\n- Boutons hauts de 4 mm d'\u00e9paisseur<br \/>\n- Ourlet arrondi<\/p>\n<p>Mati\u00e8re : 100% coton<\/p>","protected":false},"excerpt":{"rendered":"<p>Feine weisse Streifen auf blauen oder grauen Stoffen geben dem Hemd einen sehr modernen Charakter. Es ist bestens f\u00fcr Kombinationen mit verschiedenen Farben und Mustern geeignet. Besonders zusammen mit strahlendem Weiss oder weiteren Blaut\u00f6nen entfaltet es seine Wirkung. Das Hemd ist aus hochwertigem Twill Gewebe, wodurch sich das Tragegef\u00fchl angenehm weich anf\u00fchlt und die Farben [&hellip;]<\/p>\n","protected":false},"featured_media":509463,"template":"","meta":[],"product_brand":[],"product_cat":[9895],"product_tag":[],"class_list":{"0":"post-509437","1":"product","2":"type-product","3":"status-publish","4":"has-post-thumbnail","6":"product_cat-blusen","7":"pa_brand-harvest-frost","8":"pa_brand-type-workwear","9":"pa_filter-color-blau","10":"pa_filter-color-grau","12":"first","13":"instock","14":"sale","15":"taxable","16":"shipping-taxable","17":"purchasable","18":"product-type-variable","19":"add-to-wishlist-before_image"},"exclude_global_add_ons":[],"addons":[],"acf":[],"_links":{"self":[{"href":"https:\/\/shop.kustom.ch\/fr\/wp-json\/wp\/v2\/product\/509437"}],"collection":[{"href":"https:\/\/shop.kustom.ch\/fr\/wp-json\/wp\/v2\/product"}],"about":[{"href":"https:\/\/shop.kustom.ch\/fr\/wp-json\/wp\/v2\/types\/product"}],"wp:featuredmedia":[{"embeddable":true,"href":"https:\/\/shop.kustom.ch\/fr\/wp-json\/wp\/v2\/media\/509463"}],"wp:attachment":[{"href":"https:\/\/shop.kustom.ch\/fr\/wp-json\/wp\/v2\/media?parent=509437"}],"wp:term":[{"taxonomy":"product_brand","embeddable":true,"href":"https:\/\/shop.kustom.ch\/fr\/wp-json\/wp\/v2\/product_brand?post=509437"},{"taxonomy":"product_cat","embeddable":true,"href":"https:\/\/shop.kustom.ch\/fr\/wp-json\/wp\/v2\/product_cat?post=509437"},{"taxonomy":"product_tag","embeddable":true,"href":"https:\/\/shop.kustom.ch\/fr\/wp-json\/wp\/v2\/product_tag?post=509437"}],"curies":[{"name":"wp","href":"https:\/\/api.w.org\/{rel}","templated":true}]}}