{"id":509370,"date":"2025-01-25T00:34:47","date_gmt":"2025-01-24T23:34:47","guid":{"rendered":"https:\/\/shop.kustom.ch\/?post_type=product&#038;p=509370"},"modified":"2026-03-31T12:05:32","modified_gmt":"2026-03-31T11:05:32","slug":"red-bow-20-slim","status":"publish","type":"product","link":"https:\/\/shop.kustom.ch\/fr\/produit\/red-bow-20-slim\/","title":{"rendered":"Red Bow 20 slim"},"content":{"rendered":"<p>Une interpr\u00e9tation moderne et \u00e0 la mode de ces classiques tr\u00e8s appr\u00e9ci\u00e9s. Les mod\u00e8les Red Bow brillent par leurs nombreux d\u00e9tails, leurs couleurs fra\u00eeches et leur qualit\u00e9 sup\u00e9rieure, pour une allure intelligente dans tous les domaines. La chemise est fabriqu\u00e9e dans un tissu serg\u00e9 de haute qualit\u00e9, ce qui la rend agr\u00e9ablement douce \u00e0 porter et donne encore plus d'impact aux couleurs. La structure tiss\u00e9e permet en outre \u00e0 la chemise de para\u00eetre moins transparente.<br \/>\n- Collection RED BOW<br \/>\n- Twill tr\u00e8s fin, couleurs classiques<br \/>\n- 100% Coton, 124 g\/m<br \/>\n- Non-Iron (sans repassage, traitement environnemental brevet\u00e9)<br \/>\n- convient aux machines \u00e0 laver<br \/>\n- Split Back Yoke assure des \u00e9paules lisses et profil\u00e9es et une plus grande libert\u00e9 de mouvement<br \/>\n- Les Taped Main Seams conf\u00e8rent \u00e0 la chemise un look frais et exclusif apr\u00e8s chaque lavage. Pas de plis<br \/>\n- Col semi-coup\u00e9<br \/>\n- Manches longues<br \/>\n- poignets avec boutonni\u00e8re suppl\u00e9mentaire pour les boutons de manchette<br \/>\n- Boutons hauts de 4 mm d'\u00e9paisseur<br \/>\n- Ourlet arrondi<\/p>\n<p>Mati\u00e8re : 100% coton<\/p>","protected":false},"excerpt":{"rendered":"<p>Eine moderne und modische Interpretation der beliebten Klassiker. Die Red Bow Modelle gl\u00e4nzen mit vielen Details, frischen Farben und hoher Qualit\u00e4t f\u00fcr ein smartes Auftreten in allen Bereichen. Das Hemd ist aus hochwertigem Twill Gewebe, wodurch sich das Tragegef\u00fchl angenehm weich anf\u00fchlt und die Farben noch mehr Wirkung zeigen. Die Webstruktur sorgt zus\u00e4tzlich daf\u00fcr, dass [&hellip;]<\/p>\n","protected":false},"featured_media":509425,"template":"","meta":[],"product_brand":[],"product_cat":[9874],"product_tag":[],"class_list":{"0":"post-509370","1":"product","2":"type-product","3":"status-publish","4":"has-post-thumbnail","6":"product_cat-hemden","7":"pa_brand-harvest-frost","8":"pa_brand-type-workwear","9":"pa_filter-color-blau","10":"pa_filter-color-rot","11":"pa_filter-color-schwarz","12":"pa_filter-color-weiss","14":"first","15":"instock","16":"sale","17":"taxable","18":"shipping-taxable","19":"purchasable","20":"product-type-variable","21":"add-to-wishlist-before_image"},"exclude_global_add_ons":[],"addons":[],"acf":[],"_links":{"self":[{"href":"https:\/\/shop.kustom.ch\/fr\/wp-json\/wp\/v2\/product\/509370"}],"collection":[{"href":"https:\/\/shop.kustom.ch\/fr\/wp-json\/wp\/v2\/product"}],"about":[{"href":"https:\/\/shop.kustom.ch\/fr\/wp-json\/wp\/v2\/types\/product"}],"wp:featuredmedia":[{"embeddable":true,"href":"https:\/\/shop.kustom.ch\/fr\/wp-json\/wp\/v2\/media\/509425"}],"wp:attachment":[{"href":"https:\/\/shop.kustom.ch\/fr\/wp-json\/wp\/v2\/media?parent=509370"}],"wp:term":[{"taxonomy":"product_brand","embeddable":true,"href":"https:\/\/shop.kustom.ch\/fr\/wp-json\/wp\/v2\/product_brand?post=509370"},{"taxonomy":"product_cat","embeddable":true,"href":"https:\/\/shop.kustom.ch\/fr\/wp-json\/wp\/v2\/product_cat?post=509370"},{"taxonomy":"product_tag","embeddable":true,"href":"https:\/\/shop.kustom.ch\/fr\/wp-json\/wp\/v2\/product_tag?post=509370"}],"curies":[{"name":"wp","href":"https:\/\/api.w.org\/{rel}","templated":true}]}}