{"id":509234,"date":"2025-01-25T00:34:08","date_gmt":"2025-01-24T23:34:08","guid":{"rendered":"https:\/\/shop.kustom.ch\/?post_type=product&#038;p=509234"},"modified":"2026-03-31T12:03:34","modified_gmt":"2026-03-31T11:03:34","slug":"red-bow-123-slim","status":"publish","type":"product","link":"https:\/\/shop.kustom.ch\/fr\/produit\/red-bow-123-slim\/","title":{"rendered":"Red Bow 123 Slim"},"content":{"rendered":"<p>Cette chemise sans repassage est fabriqu\u00e9e dans un serg\u00e9 royal performant. Sa structure \u00e9l\u00e9gante en serg\u00e9, associ\u00e9e \u00e0 des d\u00e9tails subtils et \u00e0 un col boutonn\u00e9 dissimul\u00e9 doux et moderne, en fait une.<\/p>\n<p>Mati\u00e8re : 100% coton<\/p>","protected":false},"excerpt":{"rendered":"<p>Dieses b\u00fcgelfreie Hemd ist aus einem leistungsstarken Royal Twill gefertigt. Die stilvolle Twill-Struktur in Kombination mit den subtilen Details und dem weichen, modernen, verdeckten Button Down Kragen macht es zu. Material: 100% Baumwolle<\/p>","protected":false},"featured_media":509288,"template":"","meta":[],"product_brand":[],"product_cat":[9874],"product_tag":[],"class_list":{"0":"post-509234","1":"product","2":"type-product","3":"status-publish","4":"has-post-thumbnail","6":"product_cat-hemden","7":"pa_brand-harvest-frost","8":"pa_brand-type-workwear","9":"pa_filter-color-blau","10":"pa_filter-color-grau","11":"pa_filter-color-weiss","13":"first","14":"instock","15":"sale","16":"taxable","17":"shipping-taxable","18":"purchasable","19":"product-type-variable","20":"add-to-wishlist-before_image"},"exclude_global_add_ons":[],"addons":[],"acf":[],"_links":{"self":[{"href":"https:\/\/shop.kustom.ch\/fr\/wp-json\/wp\/v2\/product\/509234"}],"collection":[{"href":"https:\/\/shop.kustom.ch\/fr\/wp-json\/wp\/v2\/product"}],"about":[{"href":"https:\/\/shop.kustom.ch\/fr\/wp-json\/wp\/v2\/types\/product"}],"wp:featuredmedia":[{"embeddable":true,"href":"https:\/\/shop.kustom.ch\/fr\/wp-json\/wp\/v2\/media\/509288"}],"wp:attachment":[{"href":"https:\/\/shop.kustom.ch\/fr\/wp-json\/wp\/v2\/media?parent=509234"}],"wp:term":[{"taxonomy":"product_brand","embeddable":true,"href":"https:\/\/shop.kustom.ch\/fr\/wp-json\/wp\/v2\/product_brand?post=509234"},{"taxonomy":"product_cat","embeddable":true,"href":"https:\/\/shop.kustom.ch\/fr\/wp-json\/wp\/v2\/product_cat?post=509234"},{"taxonomy":"product_tag","embeddable":true,"href":"https:\/\/shop.kustom.ch\/fr\/wp-json\/wp\/v2\/product_tag?post=509234"}],"curies":[{"name":"wp","href":"https:\/\/api.w.org\/{rel}","templated":true}]}}