{"id":509166,"date":"2025-01-25T00:33:50","date_gmt":"2025-01-24T23:33:50","guid":{"rendered":"https:\/\/shop.kustom.ch\/?post_type=product&#038;p=509166"},"modified":"2026-03-31T12:07:37","modified_gmt":"2026-03-31T11:07:37","slug":"red-bow-122-woman","status":"publish","type":"product","link":"https:\/\/shop.kustom.ch\/fr\/produit\/red-bow-122-woman\/","title":{"rendered":"Red Bow 122 Woman"},"content":{"rendered":"<p>Il est temps de renouveler d\u00e9licatement l'un de nos mod\u00e8les les plus populaires. Le Red Bow 122 est une extension du Red Bow 20. Un mod\u00e8le indispensable avec de nouveaux d\u00e9tails modernes et l'ajout du nouveau col boutonn\u00e9 cach\u00e9 que nous aimons tant. Nous sommes pr\u00eats pour une nouvelle d\u00e9cennie. Vous aussi ?<br \/>\n- Collection RED BOW<br \/>\n- Non-Iron (sans repassage) traitement environnemental brevet\u00e9<br \/>\n- 100% Coton, 124 G\/M2<br \/>\n- 2 couches de coton compact \u00e0 longues fibres<br \/>\n- Split Back Yoke assure des \u00e9paules lisses et profil\u00e9es et une plus grande libert\u00e9 de mouvement<br \/>\n- Les Taped Main Seams conf\u00e8rent \u00e0 la chemise un look frais et exclusif apr\u00e8s chaque lavage. Pas de plis<br \/>\n- Col Kent, Bouton Down cach\u00e9<br \/>\n- Manches longues<br \/>\n- poignets avec boutonni\u00e8re suppl\u00e9mentaire pour les boutons de manchette<br \/>\n- Boutons hauts de 4 mm d'\u00e9paisseur<br \/>\n- Ourlet arrondi<\/p>\n<p>Mati\u00e8re : 100% coton<\/p>","protected":false},"excerpt":{"rendered":"<p>Es ist an der Zeit, eines unserer beliebtesten Modelle behutsam zu erneuern. Das Red Bow 122 ist eine Erweiterung zum Red Bow 20. Ein unerl\u00e4ssliches Modell mit neuen, modernen Details und dem zus\u00e4tzlichen neuen, versteckten Button Down Kragen, den wir so sehr lieben. Wir sind bereit f\u00fcr ein neues Jahrzehnt. Sie auch? \u2022 RED BOW [&hellip;]<\/p>\n","protected":false},"featured_media":509226,"template":"","meta":[],"product_brand":[],"product_cat":[9895],"product_tag":[],"class_list":{"0":"post-509166","1":"product","2":"type-product","3":"status-publish","4":"has-post-thumbnail","6":"product_cat-blusen","7":"pa_brand-harvest-frost","8":"pa_brand-type-workwear","9":"pa_filter-color-blau","10":"pa_filter-color-grau","11":"pa_filter-color-weiss","13":"first","14":"instock","15":"sale","16":"taxable","17":"shipping-taxable","18":"purchasable","19":"product-type-variable","20":"add-to-wishlist-before_image"},"exclude_global_add_ons":[],"addons":[],"acf":[],"_links":{"self":[{"href":"https:\/\/shop.kustom.ch\/fr\/wp-json\/wp\/v2\/product\/509166"}],"collection":[{"href":"https:\/\/shop.kustom.ch\/fr\/wp-json\/wp\/v2\/product"}],"about":[{"href":"https:\/\/shop.kustom.ch\/fr\/wp-json\/wp\/v2\/types\/product"}],"wp:featuredmedia":[{"embeddable":true,"href":"https:\/\/shop.kustom.ch\/fr\/wp-json\/wp\/v2\/media\/509226"}],"wp:attachment":[{"href":"https:\/\/shop.kustom.ch\/fr\/wp-json\/wp\/v2\/media?parent=509166"}],"wp:term":[{"taxonomy":"product_brand","embeddable":true,"href":"https:\/\/shop.kustom.ch\/fr\/wp-json\/wp\/v2\/product_brand?post=509166"},{"taxonomy":"product_cat","embeddable":true,"href":"https:\/\/shop.kustom.ch\/fr\/wp-json\/wp\/v2\/product_cat?post=509166"},{"taxonomy":"product_tag","embeddable":true,"href":"https:\/\/shop.kustom.ch\/fr\/wp-json\/wp\/v2\/product_tag?post=509166"}],"curies":[{"name":"wp","href":"https:\/\/api.w.org\/{rel}","templated":true}]}}