{"id":509097,"date":"2025-01-25T00:33:30","date_gmt":"2025-01-24T23:33:30","guid":{"rendered":"https:\/\/shop.kustom.ch\/?post_type=product&#038;p=509097"},"modified":"2026-03-31T12:07:27","modified_gmt":"2026-03-31T11:07:27","slug":"red-bow-121-woman","status":"publish","type":"product","link":"https:\/\/shop.kustom.ch\/fr\/produit\/red-bow-121-woman\/","title":{"rendered":"Red Bow 121 Woman"},"content":{"rendered":"<p>Le Red Bow 121 est dot\u00e9 de d\u00e9tails \u00e9l\u00e9gants, tels qu'une poche poitrine \u00e9l\u00e9gante et des couleurs contrast\u00e9es assorties aux bons endroits. Nous sommes particuli\u00e8rement fiers de la combinaison du NON IRON et du STRETCH. Il faut un grand savoir-faire pour int\u00e9grer toutes ces particularit\u00e9s dans une seule chemise. Heureusement, nous appr\u00e9cions ce genre de travail.<br \/>\n- Collection RED BOW<br \/>\n- Tissu Oxford avec stretch<br \/>\n- 95% coton, 5% \u00e9lasthanne, 149 g\/m<br \/>\n- 2 couches de coton compact \u00e0 longues fibres<br \/>\n- Non-Iron (sans repassage) traitement environnemental brevet\u00e9<br \/>\n- convient aux machines \u00e0 laver<br \/>\n- Split Back Yoke assure des \u00e9paules lisses et profil\u00e9es et une plus grande libert\u00e9 de mouvement<br \/>\n- Les Taped Main Seams conf\u00e8rent \u00e0 la chemise un look frais et exclusif apr\u00e8s chaque lavage. Pas de plis<br \/>\n- col boutonn\u00e9<br \/>\n- Poche poitrine pour le mod\u00e8le homme<br \/>\n- Manches longues<br \/>\n- poignets avec boutonni\u00e8re suppl\u00e9mentaire pour les boutons de manchette<br \/>\n- Boutons hauts de 4 mm d'\u00e9paisseur<br \/>\n- Ourlet arrondi<\/p>\n<p>Mati\u00e8re : 95% coton, 5% \u00e9lasthanne<\/p>","protected":false},"excerpt":{"rendered":"<p>Das Red Bow 121 kommt mit stilvollen Details, wie einer stillvollen Brusttasche und passenden Kontrastfarben an den richtigen Stellen. Auf die Kombination von NON IRON und STRETCH sind wir besonders stolz. Es bedarf einem hohen Know How, um all diese Eigenheiten in ein einziges Hemd zu stecken. Gl\u00fccklicherweise geniessen wir diese Art Arbeit. \u2022 RED [&hellip;]<\/p>\n","protected":false},"featured_media":509127,"template":"","meta":[],"product_brand":[],"product_cat":[9895],"product_tag":[],"class_list":{"0":"post-509097","1":"product","2":"type-product","3":"status-publish","4":"has-post-thumbnail","6":"product_cat-blusen","7":"pa_brand-harvest-frost","8":"pa_brand-type-workwear","9":"pa_filter-color-blau","10":"pa_filter-color-weiss","12":"first","13":"instock","14":"sale","15":"taxable","16":"shipping-taxable","17":"purchasable","18":"product-type-variable","19":"add-to-wishlist-before_image"},"exclude_global_add_ons":[],"addons":[],"acf":[],"_links":{"self":[{"href":"https:\/\/shop.kustom.ch\/fr\/wp-json\/wp\/v2\/product\/509097"}],"collection":[{"href":"https:\/\/shop.kustom.ch\/fr\/wp-json\/wp\/v2\/product"}],"about":[{"href":"https:\/\/shop.kustom.ch\/fr\/wp-json\/wp\/v2\/types\/product"}],"wp:featuredmedia":[{"embeddable":true,"href":"https:\/\/shop.kustom.ch\/fr\/wp-json\/wp\/v2\/media\/509127"}],"wp:attachment":[{"href":"https:\/\/shop.kustom.ch\/fr\/wp-json\/wp\/v2\/media?parent=509097"}],"wp:term":[{"taxonomy":"product_brand","embeddable":true,"href":"https:\/\/shop.kustom.ch\/fr\/wp-json\/wp\/v2\/product_brand?post=509097"},{"taxonomy":"product_cat","embeddable":true,"href":"https:\/\/shop.kustom.ch\/fr\/wp-json\/wp\/v2\/product_cat?post=509097"},{"taxonomy":"product_tag","embeddable":true,"href":"https:\/\/shop.kustom.ch\/fr\/wp-json\/wp\/v2\/product_tag?post=509097"}],"curies":[{"name":"wp","href":"https:\/\/api.w.org\/{rel}","templated":true}]}}