{"id":509030,"date":"2025-01-25T00:33:06","date_gmt":"2025-01-24T23:33:06","guid":{"rendered":"https:\/\/shop.kustom.ch\/?post_type=product&#038;p=509030"},"modified":"2026-03-31T12:04:35","modified_gmt":"2026-03-31T11:04:35","slug":"red-bow-120-slim","status":"publish","type":"product","link":"https:\/\/shop.kustom.ch\/fr\/produit\/red-bow-120-slim\/","title":{"rendered":"Red Bow 120 Slim"},"content":{"rendered":"<p>La chemise parfaite pour toutes les occasions. Avec sa couleur indigo caract\u00e9ristique, notre chemise sans repassage rappelle une chemise en jean \u00e9l\u00e9gante. Elle est dot\u00e9e de d\u00e9tails blancs sur la patte de boutonnage et d'un motif Paisley contrast\u00e9 ton sur ton dans le col et les poignets. Les nombreux d\u00e9tails et le design moderne conf\u00e8rent \u00e0 la chemise un look raffin\u00e9 et sont typiques de notre collection Red Bow.<br \/>\n- Collection RED BOW.<br \/>\n- Twill bleu indigo tr\u00e8s fin<br \/>\n- 100% Coton, 124g\/m<br \/>\n- 2 couches de coton compact \u00e0 longues fibres<br \/>\n- Non-Iron (sans repassage) traitement environnemental brevet\u00e9<br \/>\n- convient aux machines \u00e0 laver<br \/>\n- Split Back Yoke assure des \u00e9paules lisses et profil\u00e9es et une plus grande libert\u00e9 de mouvement<br \/>\n- Les Taped Main Seams conf\u00e8rent \u00e0 la chemise un look frais et exclusif apr\u00e8s chaque lavage. Pas de plis<br \/>\n- Col semi-coup\u00e9<br \/>\n- Manches longues<br \/>\n- poignets avec boutonni\u00e8re suppl\u00e9mentaire pour les boutons de manchette<br \/>\n- Boutons hauts de 4 mm d'\u00e9paisseur<br \/>\n- Ourlet arrondi<\/p>\n<p>Mati\u00e8re : 100% coton<\/p>","protected":false},"excerpt":{"rendered":"<p>Das perfekte Hemd f\u00fcr jeden Anlass. Mit der charakteristischen Indigofarbe erinnert unser b\u00fcgelfreies Hemd an ein edles Jeanshemd. Es ist ausgestattet mit weissen Details an der Knopfleiste und einem Paisley Ton-in-Ton Kontrastmuster im Kragen und den Manschetten. Die vielen Details und das moderne Design, verleiht dem Hemd einen raffinierten Look und ist ypisch f\u00fcr unsere [&hellip;]<\/p>\n","protected":false},"featured_media":509049,"template":"","meta":[],"product_brand":[],"product_cat":[9874],"product_tag":[],"class_list":{"0":"post-509030","1":"product","2":"type-product","3":"status-publish","4":"has-post-thumbnail","6":"product_cat-hemden","7":"pa_brand-harvest-frost","8":"pa_brand-type-workwear","9":"pa_filter-color-blau","11":"first","12":"instock","13":"sale","14":"taxable","15":"shipping-taxable","16":"purchasable","17":"product-type-variable","18":"add-to-wishlist-before_image"},"exclude_global_add_ons":[],"addons":[],"acf":[],"_links":{"self":[{"href":"https:\/\/shop.kustom.ch\/fr\/wp-json\/wp\/v2\/product\/509030"}],"collection":[{"href":"https:\/\/shop.kustom.ch\/fr\/wp-json\/wp\/v2\/product"}],"about":[{"href":"https:\/\/shop.kustom.ch\/fr\/wp-json\/wp\/v2\/types\/product"}],"wp:featuredmedia":[{"embeddable":true,"href":"https:\/\/shop.kustom.ch\/fr\/wp-json\/wp\/v2\/media\/509049"}],"wp:attachment":[{"href":"https:\/\/shop.kustom.ch\/fr\/wp-json\/wp\/v2\/media?parent=509030"}],"wp:term":[{"taxonomy":"product_brand","embeddable":true,"href":"https:\/\/shop.kustom.ch\/fr\/wp-json\/wp\/v2\/product_brand?post=509030"},{"taxonomy":"product_cat","embeddable":true,"href":"https:\/\/shop.kustom.ch\/fr\/wp-json\/wp\/v2\/product_cat?post=509030"},{"taxonomy":"product_tag","embeddable":true,"href":"https:\/\/shop.kustom.ch\/fr\/wp-json\/wp\/v2\/product_tag?post=509030"}],"curies":[{"name":"wp","href":"https:\/\/api.w.org\/{rel}","templated":true}]}}