{"id":508971,"date":"2025-01-25T00:32:35","date_gmt":"2025-01-24T23:32:35","guid":{"rendered":"https:\/\/shop.kustom.ch\/?post_type=product&#038;p=508971"},"modified":"2026-03-31T12:06:19","modified_gmt":"2026-03-31T11:06:19","slug":"purple-bow-49-slim","status":"publish","type":"product","link":"https:\/\/shop.kustom.ch\/fr\/produit\/purple-bow-49-slim\/","title":{"rendered":"Purple Bow 49 Slim"},"content":{"rendered":"<p>Ein doppelter Jacquard Stoff aus 100%Baumwolle, gewebt mit weissen Punkten auf navy Hintergrund f\u00fcr einen modernen und anspruchsvollen Look. Kombinieren Sie es mit dem Anzug oder zu einem casual Look mit Jeans. Unser neu entwickelter Stoff wurde mit einem mechanischen Stretch f\u00fcr mehr Komfort hergestellt. Es verleiht dem Hemd eine nat\u00fcrliche Elastizit\u00e4t von bis zu 12%. Durch den Querfaden beh\u00e4lt es trotzdem unsere grossartige b\u00fcgelfreie Leistung.<br \/>\n- Collection PURPLE BOW<br \/>\n- Tissu jacquard teint en bleu marine, tiss\u00e9 avec des micro-dots blancs<br \/>\n- 100% Coton, Mechanical Stretch, 130 g\/m<br \/>\n- Coton compact \u00e0 longues fibres<br \/>\n- Sans repassage, traitement environnemental brevet\u00e9<br \/>\n- convient aux machines \u00e0 laver<br \/>\n- Split Back Yoke assure des \u00e9paules lisses et profil\u00e9es et une plus grande libert\u00e9 de mouvement<br \/>\n- Les Taped Main Seams conf\u00e8rent \u00e0 la chemise un look frais et exclusif apr\u00e8s chaque lavage. Pas de plis<br \/>\n- Col moderne Cut Away, Bouton Down cach\u00e9<br \/>\n- Manches longues<br \/>\n- poignets avec boutonni\u00e8re suppl\u00e9mentaire pour les boutons de manchette<br \/>\n- Boutons imitation nacre 2,5mm<br \/>\n- Ourlet arrondi<\/p>\n<p>Mati\u00e8re : 100 % coton compact \u00e0 longues fibres<\/p>","protected":false},"excerpt":{"rendered":"<p>Ein doppelter Jacquard Stoff aus 100%Baumwolle, gewebt mit weissen Punkten auf navy Hintergrund f\u00fcr einen modernen und anspruchsvollen Look. Kombinieren Sie es mit dem Anzug oder zu einem casual Look mit Jeans. Unser neu entwickelter Stoff wurde mit einem mechanischen Stretch f\u00fcr mehr Komfort hergestellt. Es verleiht dem Hemd eine nat\u00fcrliche Elastizit\u00e4t von bis zu [&hellip;]<\/p>\n","protected":false},"featured_media":509022,"template":"","meta":[],"product_brand":[],"product_cat":[9874],"product_tag":[],"class_list":{"0":"post-508971","1":"product","2":"type-product","3":"status-publish","4":"has-post-thumbnail","6":"product_cat-hemden","7":"pa_brand-harvest-frost","8":"pa_brand-type-workwear","9":"pa_filter-color-blau","11":"first","12":"instock","13":"sale","14":"taxable","15":"shipping-taxable","16":"purchasable","17":"product-type-variable","18":"add-to-wishlist-before_image"},"exclude_global_add_ons":[],"addons":[],"acf":[],"_links":{"self":[{"href":"https:\/\/shop.kustom.ch\/fr\/wp-json\/wp\/v2\/product\/508971"}],"collection":[{"href":"https:\/\/shop.kustom.ch\/fr\/wp-json\/wp\/v2\/product"}],"about":[{"href":"https:\/\/shop.kustom.ch\/fr\/wp-json\/wp\/v2\/types\/product"}],"wp:featuredmedia":[{"embeddable":true,"href":"https:\/\/shop.kustom.ch\/fr\/wp-json\/wp\/v2\/media\/509022"}],"wp:attachment":[{"href":"https:\/\/shop.kustom.ch\/fr\/wp-json\/wp\/v2\/media?parent=508971"}],"wp:term":[{"taxonomy":"product_brand","embeddable":true,"href":"https:\/\/shop.kustom.ch\/fr\/wp-json\/wp\/v2\/product_brand?post=508971"},{"taxonomy":"product_cat","embeddable":true,"href":"https:\/\/shop.kustom.ch\/fr\/wp-json\/wp\/v2\/product_cat?post=508971"},{"taxonomy":"product_tag","embeddable":true,"href":"https:\/\/shop.kustom.ch\/fr\/wp-json\/wp\/v2\/product_tag?post=508971"}],"curies":[{"name":"wp","href":"https:\/\/api.w.org\/{rel}","templated":true}]}}