{"id":508901,"date":"2025-01-25T00:32:11","date_gmt":"2025-01-24T23:32:11","guid":{"rendered":"https:\/\/shop.kustom.ch\/?post_type=product&#038;p=508901"},"modified":"2026-03-31T12:04:05","modified_gmt":"2026-03-31T11:04:05","slug":"purple-bow-146-woman","status":"publish","type":"product","link":"https:\/\/shop.kustom.ch\/fr\/produit\/purple-bow-146-woman\/","title":{"rendered":"Purple Bow 146 Femme"},"content":{"rendered":"<p>Une nouvelle chemise fantaisie dans le m\u00eame style que l'ancienne Purple Bow 46. La structure microcord\u00e9e du tissu la distingue de notre serg\u00e9 classique. Le tissu, combin\u00e9 au col coup\u00e9 extr\u00eame et au nouveau contraste Paisley, fait une d\u00e9claration audacieuse. Le contraste est plus fort sur le tissu blanc et plus discret sur le luxueux tissu bleu marine. Portez-le avec un jean et un blazer ou avec un costume et des baskets et vous serez impeccable, du bureau aux d\u00eeners.<br \/>\n- Col extr\u00eamement cut away, bouton down cach\u00e9<br \/>\n- Non-Iron (sans repassage)<br \/>\n- Structure Microcord Bedford<br \/>\n- 100% Coton, 130g\/m2<br \/>\n- Split Back Yoke, assure des \u00e9paules lisses et nou\u00e9es et une plus grande libert\u00e9 de mouvement<br \/>\n- Les cordons de serrage principaux Taped donnent \u00e0 la chemise un aspect frais et exclusif apr\u00e8s chaque lavage. Pas de plis<br \/>\n- hauteur, boutons de 4 mm d'\u00e9paisseur<br \/>\n- Machettes avec boutonni\u00e8re suppl\u00e9mentaire pour les boutons de machettes<\/p>\n<p>Mati\u00e8re : 100% coton<\/p>","protected":false},"excerpt":{"rendered":"<p>Ein neues ausgefallenes Hemd im gleichen Stil wie das alte Purple Bow 46. Die Mikrocord Struktur im Stoff, unterscheidet es von unserem klassischen Twill. Der Stoff in Kombination mit dem extremen Cut-Away Kragen und dem neuen Paisley Kontrast, macht eine mutige Aussage. Der Kontrast ist bei dem weissen Stoff st\u00e4rker und dezenter auf dem luxuri\u00f6sen [&hellip;]<\/p>\n","protected":false},"featured_media":508941,"template":"","meta":[],"product_brand":[],"product_cat":[9895],"product_tag":[],"class_list":{"0":"post-508901","1":"product","2":"type-product","3":"status-publish","4":"has-post-thumbnail","6":"product_cat-blusen","7":"pa_brand-harvest-frost","8":"pa_brand-type-workwear","9":"pa_filter-color-blau","10":"pa_filter-color-weiss","12":"first","13":"instock","14":"sale","15":"taxable","16":"shipping-taxable","17":"purchasable","18":"product-type-variable","19":"add-to-wishlist-before_image"},"exclude_global_add_ons":[],"addons":[],"acf":[],"_links":{"self":[{"href":"https:\/\/shop.kustom.ch\/fr\/wp-json\/wp\/v2\/product\/508901"}],"collection":[{"href":"https:\/\/shop.kustom.ch\/fr\/wp-json\/wp\/v2\/product"}],"about":[{"href":"https:\/\/shop.kustom.ch\/fr\/wp-json\/wp\/v2\/types\/product"}],"wp:featuredmedia":[{"embeddable":true,"href":"https:\/\/shop.kustom.ch\/fr\/wp-json\/wp\/v2\/media\/508941"}],"wp:attachment":[{"href":"https:\/\/shop.kustom.ch\/fr\/wp-json\/wp\/v2\/media?parent=508901"}],"wp:term":[{"taxonomy":"product_brand","embeddable":true,"href":"https:\/\/shop.kustom.ch\/fr\/wp-json\/wp\/v2\/product_brand?post=508901"},{"taxonomy":"product_cat","embeddable":true,"href":"https:\/\/shop.kustom.ch\/fr\/wp-json\/wp\/v2\/product_cat?post=508901"},{"taxonomy":"product_tag","embeddable":true,"href":"https:\/\/shop.kustom.ch\/fr\/wp-json\/wp\/v2\/product_tag?post=508901"}],"curies":[{"name":"wp","href":"https:\/\/api.w.org\/{rel}","templated":true}]}}