{"id":508841,"date":"2025-01-25T00:31:43","date_gmt":"2025-01-24T23:31:43","guid":{"rendered":"https:\/\/shop.kustom.ch\/?post_type=product&#038;p=508841"},"modified":"2026-03-31T12:04:56","modified_gmt":"2026-03-31T11:04:56","slug":"purple-bow-144-slim","status":"publish","type":"product","link":"https:\/\/shop.kustom.ch\/fr\/produit\/purple-bow-144-slim\/","title":{"rendered":"Purple Bow 144 Slim"},"content":{"rendered":"<p>Une chemise l\u00e9g\u00e8re sans repassage avec une surface bross\u00e9e qui procure un confort unique, luxueux et super doux. Gr\u00e2ce \u00e0 la proportion de Freefit Stretch, elle est encore plus agr\u00e9able au toucher. Facile \u00e0 porter. Chic et d\u00e9contract\u00e9e.<br \/>\n- Collection PURPLE BOW<br \/>\n- motif jacquard indigo 2 couleurs<br \/>\n- 100% Coton, 125G\/m<br \/>\n- Non-Iron (sans repassage) traitement environnemental brevet\u00e9<br \/>\n- convient aux machines \u00e0 laver<br \/>\n- Split Back Yoke assure des \u00e9paules lisses et profil\u00e9es et une plus grande libert\u00e9 de mouvement<br \/>\n- Les Taped Main Seams conf\u00e8rent \u00e0 la chemise un look frais et exclusif apr\u00e8s chaque lavage. Pas de plis<br \/>\n- Col moderne Cut Away, Bouton Down cach\u00e9<br \/>\n- Manches longues<br \/>\n- poignets avec boutonni\u00e8re suppl\u00e9mentaire pour les boutons de manchette<br \/>\n- Boutons hauts de 4 mm d'\u00e9paisseur<\/p>\n<p>Mati\u00e8re : 100% coton<\/p>","protected":false},"excerpt":{"rendered":"<p>Ein leichtes b\u00fcgelfreies Hemd mit geb\u00fcrsteter Oberfl\u00e4che, das ein einzigartiges, luxuri\u00f6ses und superweiches Tragegef\u00fchl vermittelt. Dank dem Anteil von Freefit Stretch f\u00fchlt es sich noch besser an. Einfach zu tragen. Chic und l\u00e4ssig. \u2022 PURPLE BOW Kollektion \u2022 2-farbiges Indigo Jaquard Muster \u2022 100% Baumwolle, 125G\/m\u00b2 \u2022 Non-Iron (B\u00fcgelfrei) patentierte Umweltbehandlung \u2022 Waschmaschinen geeignet \u2022 [&hellip;]<\/p>\n","protected":false},"featured_media":508891,"template":"","meta":[],"product_brand":[],"product_cat":[9874],"product_tag":[],"class_list":{"0":"post-508841","1":"product","2":"type-product","3":"status-publish","4":"has-post-thumbnail","6":"product_cat-hemden","7":"pa_brand-harvest-frost","8":"pa_brand-type-workwear","9":"pa_filter-color-blau","11":"first","12":"instock","13":"sale","14":"taxable","15":"shipping-taxable","16":"purchasable","17":"product-type-variable","18":"add-to-wishlist-before_image"},"exclude_global_add_ons":[],"addons":[],"acf":[],"_links":{"self":[{"href":"https:\/\/shop.kustom.ch\/fr\/wp-json\/wp\/v2\/product\/508841"}],"collection":[{"href":"https:\/\/shop.kustom.ch\/fr\/wp-json\/wp\/v2\/product"}],"about":[{"href":"https:\/\/shop.kustom.ch\/fr\/wp-json\/wp\/v2\/types\/product"}],"wp:featuredmedia":[{"embeddable":true,"href":"https:\/\/shop.kustom.ch\/fr\/wp-json\/wp\/v2\/media\/508891"}],"wp:attachment":[{"href":"https:\/\/shop.kustom.ch\/fr\/wp-json\/wp\/v2\/media?parent=508841"}],"wp:term":[{"taxonomy":"product_brand","embeddable":true,"href":"https:\/\/shop.kustom.ch\/fr\/wp-json\/wp\/v2\/product_brand?post=508841"},{"taxonomy":"product_cat","embeddable":true,"href":"https:\/\/shop.kustom.ch\/fr\/wp-json\/wp\/v2\/product_cat?post=508841"},{"taxonomy":"product_tag","embeddable":true,"href":"https:\/\/shop.kustom.ch\/fr\/wp-json\/wp\/v2\/product_tag?post=508841"}],"curies":[{"name":"wp","href":"https:\/\/api.w.org\/{rel}","templated":true}]}}