{"id":508839,"date":"2025-01-25T00:31:43","date_gmt":"2025-01-24T23:31:43","guid":{"rendered":"https:\/\/shop.kustom.ch\/?post_type=product&#038;p=508839"},"modified":"2026-03-31T12:04:54","modified_gmt":"2026-03-31T11:04:54","slug":"purple-bow-143-woman","status":"publish","type":"product","link":"https:\/\/shop.kustom.ch\/fr\/produit\/purple-bow-143-woman\/","title":{"rendered":"Purple Bow 143 Femme"},"content":{"rendered":"<p>Une nouvelle chemise discr\u00e8te mais audacieuse avec un motif paisley indigo. Mettez-la audacieusement avec une cravate ou portez-la de mani\u00e8re d\u00e9contract\u00e9e avec un pantalon chino. Dans les deux cas, vous vous sentirez \u00e0 l'aise et aurez du style toute la journ\u00e9e gr\u00e2ce \u00e0 notre qualit\u00e9 appr\u00e9ci\u00e9e sans repassage et en stretch naturel.<br \/>\nL'innovation et l'intelligence vont de pair !<br \/>\n- Collection PURPLE BOW<br \/>\n- Fine twill, motif paisley indigo bicolore<br \/>\n- 100% Coton, stretch naturel, 122G\/m<br \/>\n- 2 couches de coton compact \u00e0 longues fibres<br \/>\n- Sans repassage, traitement environnemental brevet\u00e9<br \/>\n- convient aux machines \u00e0 laver<br \/>\n- Split Back Yoke assure des \u00e9paules lisses et profil\u00e9es et une plus grande libert\u00e9 de mouvement<br \/>\n- Les Taped Main Seams conf\u00e8rent \u00e0 la chemise un look frais et exclusif apr\u00e8s chaque lavage. Pas de plis<br \/>\n- Col moderne Cut Away, Bouton Down cach\u00e9<br \/>\n- Manches longues<br \/>\n- poignets avec boutonni\u00e8re suppl\u00e9mentaire pour les boutons de manchette<br \/>\n- Boutons hauts de 4 mm d'\u00e9paisseur<br \/>\n- Ourlet arrondi<\/p>\n<p>Mati\u00e8re : 100% coton<\/p>","protected":false},"excerpt":{"rendered":"<p>Ein neues diskretes und dennoch kr\u00e4ftiges Hemd mit indigofarbenem Paisleymuster. Ziehen Sie es k\u00fchn mit einer Krawatte an oder tragen Sie es l\u00e4ssig zu einer Chino Hose. So oder so f\u00fchlen Sie sich den ganzen Tag komfortabel und stilsicher dank unserer gesch\u00e4tzten b\u00fcgelfreien und nat\u00fcrlichen Stretch Qualit\u00e4t. Innovation und Intelligenz gehen Hand in Hand! \u2022 [&hellip;]<\/p>\n","protected":false},"featured_media":508874,"template":"","meta":[],"product_brand":[],"product_cat":[9895],"product_tag":[],"class_list":{"0":"post-508839","1":"product","2":"type-product","3":"status-publish","4":"has-post-thumbnail","6":"product_cat-blusen","7":"pa_brand-harvest-frost","8":"pa_brand-type-workwear","9":"pa_filter-color-blau","11":"first","12":"instock","13":"sale","14":"taxable","15":"shipping-taxable","16":"purchasable","17":"product-type-variable","18":"add-to-wishlist-before_image"},"exclude_global_add_ons":[],"addons":[],"acf":[],"_links":{"self":[{"href":"https:\/\/shop.kustom.ch\/fr\/wp-json\/wp\/v2\/product\/508839"}],"collection":[{"href":"https:\/\/shop.kustom.ch\/fr\/wp-json\/wp\/v2\/product"}],"about":[{"href":"https:\/\/shop.kustom.ch\/fr\/wp-json\/wp\/v2\/types\/product"}],"wp:featuredmedia":[{"embeddable":true,"href":"https:\/\/shop.kustom.ch\/fr\/wp-json\/wp\/v2\/media\/508874"}],"wp:attachment":[{"href":"https:\/\/shop.kustom.ch\/fr\/wp-json\/wp\/v2\/media?parent=508839"}],"wp:term":[{"taxonomy":"product_brand","embeddable":true,"href":"https:\/\/shop.kustom.ch\/fr\/wp-json\/wp\/v2\/product_brand?post=508839"},{"taxonomy":"product_cat","embeddable":true,"href":"https:\/\/shop.kustom.ch\/fr\/wp-json\/wp\/v2\/product_cat?post=508839"},{"taxonomy":"product_tag","embeddable":true,"href":"https:\/\/shop.kustom.ch\/fr\/wp-json\/wp\/v2\/product_tag?post=508839"}],"curies":[{"name":"wp","href":"https:\/\/api.w.org\/{rel}","templated":true}]}}