{"id":508769,"date":"2025-01-25T00:31:25","date_gmt":"2025-01-24T23:31:25","guid":{"rendered":"https:\/\/shop.kustom.ch\/?post_type=product&#038;p=508769"},"modified":"2026-03-31T12:04:50","modified_gmt":"2026-03-31T11:04:50","slug":"purple-bow-142-woman","status":"publish","type":"product","link":"https:\/\/shop.kustom.ch\/fr\/produit\/purple-bow-142-woman\/","title":{"rendered":"Purple Bow 142 Femme"},"content":{"rendered":"<p>Une chemise moderne bicolore en tissu Oxford de qualit\u00e9 sup\u00e9rieure avec un incroyable fil transversal stretch qui rend cette chemise douce, super confortable et pourtant sans repassage. Peut-\u00eatre notre meilleure invention pour un look d\u00e9contract\u00e9 intelligent. Nous pensons que ce mod\u00e8le deviendra rapidement l'un de vos v\u00eatements les plus importants.<br \/>\n- Collection PURPLE BOW<br \/>\n- Tissu Oxford, 2 couleurs<br \/>\n- 96% coton, 4% freefit stretch, 145G\/m<br \/>\n- Non-Iron (sans repassage) traitement environnemental brevet\u00e9<br \/>\n- convient aux machines \u00e0 laver<br \/>\n- Split Back Yoke assure des \u00e9paules lisses et profil\u00e9es et une plus grande libert\u00e9 de mouvement<br \/>\n- Les Taped Main Seams conf\u00e8rent \u00e0 la chemise un look frais et exclusif apr\u00e8s chaque lavage. Pas de plis<br \/>\n- Col moderne Cut Away, Bouton Down cach\u00e9<br \/>\n- Manches longues<br \/>\n- poignets avec boutonni\u00e8re suppl\u00e9mentaire pour les boutons de manchette<br \/>\n- Boutons hauts de 4 mm d'\u00e9paisseur<br \/>\n- Ourlet arrondi<\/p>\n<p>Mati\u00e8re : 96% COTON, 4% FREEFIT STRETCH<\/p>","protected":false},"excerpt":{"rendered":"<p>Ein modernes 2 farbiges Hemd aus hochwertigem Oxford Gewebe mit unglaublichem Stretch Querfaden macht dieses Hemd weich, super bequem und dennoch b\u00fcgelfrei. Vielleicht unsere beste Erfindung f\u00fcr einen smarten Casual Look. Wir gehen davon aus, dass dieses Modell schnell zu einem Ihrer wichtigsten Kleidungsst\u00fccke wird. \u2022 PURPLE BOW Kollektion \u2022 Oxford Gewebe, 2-farbig \u2022 96% [&hellip;]<\/p>\n","protected":false},"featured_media":508817,"template":"","meta":[],"product_brand":[],"product_cat":[9895],"product_tag":[],"class_list":{"0":"post-508769","1":"product","2":"type-product","3":"status-publish","4":"has-post-thumbnail","6":"product_cat-blusen","7":"pa_brand-harvest-frost","8":"pa_brand-type-workwear","9":"pa_filter-color-blau","10":"pa_filter-color-grau","11":"pa_filter-color-gruen","12":"pa_filter-color-violet","14":"first","15":"instock","16":"sale","17":"taxable","18":"shipping-taxable","19":"purchasable","20":"product-type-variable","21":"add-to-wishlist-before_image"},"exclude_global_add_ons":[],"addons":[],"acf":[],"_links":{"self":[{"href":"https:\/\/shop.kustom.ch\/fr\/wp-json\/wp\/v2\/product\/508769"}],"collection":[{"href":"https:\/\/shop.kustom.ch\/fr\/wp-json\/wp\/v2\/product"}],"about":[{"href":"https:\/\/shop.kustom.ch\/fr\/wp-json\/wp\/v2\/types\/product"}],"wp:featuredmedia":[{"embeddable":true,"href":"https:\/\/shop.kustom.ch\/fr\/wp-json\/wp\/v2\/media\/508817"}],"wp:attachment":[{"href":"https:\/\/shop.kustom.ch\/fr\/wp-json\/wp\/v2\/media?parent=508769"}],"wp:term":[{"taxonomy":"product_brand","embeddable":true,"href":"https:\/\/shop.kustom.ch\/fr\/wp-json\/wp\/v2\/product_brand?post=508769"},{"taxonomy":"product_cat","embeddable":true,"href":"https:\/\/shop.kustom.ch\/fr\/wp-json\/wp\/v2\/product_cat?post=508769"},{"taxonomy":"product_tag","embeddable":true,"href":"https:\/\/shop.kustom.ch\/fr\/wp-json\/wp\/v2\/product_tag?post=508769"}],"curies":[{"name":"wp","href":"https:\/\/api.w.org\/{rel}","templated":true}]}}