{"id":508701,"date":"2025-01-25T00:31:05","date_gmt":"2025-01-24T23:31:05","guid":{"rendered":"https:\/\/shop.kustom.ch\/?post_type=product&#038;p=508701"},"modified":"2026-03-31T12:06:14","modified_gmt":"2026-03-31T11:06:14","slug":"purple-bow-141-woman","status":"publish","type":"product","link":"https:\/\/shop.kustom.ch\/fr\/produit\/purple-bow-141-woman\/","title":{"rendered":"Purple Bow 141 Femme"},"content":{"rendered":"<p>La chemise est fabriqu\u00e9e en popeline l\u00e9g\u00e8re et douce, travaill\u00e9e \u00e0 la main. Avec ses mini-carr\u00e9s polyvalents, cette chemise convient \u00e0 tous les looks, du bureau au vendredi d\u00e9contract\u00e9.<br \/>\n- Collection PURPLE BOW<br \/>\n- Tissu popeline, motif miniature \u00e0 carreaux<br \/>\n- 90% Coton, 10% Spandex, 130 g\/m\u00b2.<br \/>\n- 2 couches de coton compact \u00e0 longues fibres<br \/>\n- Stretch 360<br \/>\n- Non-IronAucun repassage, traitement environnemental brevet\u00e9<br \/>\n- convient aux machines \u00e0 laver<br \/>\n- Split Back Yoke assure des \u00e9paules lisses et profil\u00e9es et une plus grande libert\u00e9 de mouvement<br \/>\n- Les Taped Main Seams conf\u00e8rent \u00e0 la chemise un look frais et exclusif apr\u00e8s chaque lavage. Pas de plis<br \/>\n- Col moderne Cut Away, Bouton Down cach\u00e9<br \/>\n- Manches longues<br \/>\n- poignets avec boutonni\u00e8re suppl\u00e9mentaire pour les boutons de manchette<br \/>\n- Boutons classiques de 2,5 mm d'\u00e9paisseur<br \/>\n- Ourlet arrondi<\/p>\n<p>Mati\u00e8re : 90% coton, 10% \u00e9lasthanne<\/p>","protected":false},"excerpt":{"rendered":"<p>Das Hemd ist aus leichtem, weichem, handgefertigtem Popeline gefertigt. Mit vielseitigen Mini Karos eignet sich dieses Shirt f\u00fcr alle Looks vom B\u00fcro bis hin zum Casual Friday. \u2022 PURPLE BOW Kollektion \u2022 Popeline Gewebe, Mini Karo Muster \u2022 90% Baumwolle, 10% Spandex, 130 g\/m\u00b2 \u2022 2-lagige, langstapelige, kompakte Baumwolle \u2022 Stretch 360\u00b0 \u2022 Non-IronB\u00fcgelfrei, patentierte [&hellip;]<\/p>\n","protected":false},"featured_media":508728,"template":"","meta":[],"product_brand":[],"product_cat":[9895],"product_tag":[],"class_list":{"0":"post-508701","1":"product","2":"type-product","3":"status-publish","4":"has-post-thumbnail","6":"product_cat-blusen","7":"pa_brand-harvest-frost","8":"pa_brand-type-workwear","9":"pa_filter-color-blau","10":"pa_filter-color-orange","12":"first","13":"instock","14":"sale","15":"taxable","16":"shipping-taxable","17":"purchasable","18":"product-type-variable","19":"add-to-wishlist-before_image"},"exclude_global_add_ons":[],"addons":[],"acf":[],"_links":{"self":[{"href":"https:\/\/shop.kustom.ch\/fr\/wp-json\/wp\/v2\/product\/508701"}],"collection":[{"href":"https:\/\/shop.kustom.ch\/fr\/wp-json\/wp\/v2\/product"}],"about":[{"href":"https:\/\/shop.kustom.ch\/fr\/wp-json\/wp\/v2\/types\/product"}],"wp:featuredmedia":[{"embeddable":true,"href":"https:\/\/shop.kustom.ch\/fr\/wp-json\/wp\/v2\/media\/508728"}],"wp:attachment":[{"href":"https:\/\/shop.kustom.ch\/fr\/wp-json\/wp\/v2\/media?parent=508701"}],"wp:term":[{"taxonomy":"product_brand","embeddable":true,"href":"https:\/\/shop.kustom.ch\/fr\/wp-json\/wp\/v2\/product_brand?post=508701"},{"taxonomy":"product_cat","embeddable":true,"href":"https:\/\/shop.kustom.ch\/fr\/wp-json\/wp\/v2\/product_cat?post=508701"},{"taxonomy":"product_tag","embeddable":true,"href":"https:\/\/shop.kustom.ch\/fr\/wp-json\/wp\/v2\/product_tag?post=508701"}],"curies":[{"name":"wp","href":"https:\/\/api.w.org\/{rel}","templated":true}]}}