{"id":508564,"date":"2025-01-25T00:30:17","date_gmt":"2025-01-24T23:30:17","guid":{"rendered":"https:\/\/shop.kustom.ch\/?post_type=product&#038;p=508564"},"modified":"2026-03-31T12:01:53","modified_gmt":"2026-03-31T11:01:53","slug":"merino-v-woman","status":"publish","type":"product","link":"https:\/\/shop.kustom.ch\/fr\/produit\/merino-v-woman\/","title":{"rendered":"M\u00e9rino V Woman"},"content":{"rendered":"<p>Nous avons m\u00e9lang\u00e9 des fils de laine et de coton extra-fins pour obtenir un v\u00eatement qui dure toute l'ann\u00e9e et qui b\u00e9n\u00e9ficie de deux fibres naturelles. Pour maintenir notre travail responsable en tant que marque, nous utilisons de la laine certifi\u00e9e et du coton US Pima \u00e0 longues fibres soigneusement s\u00e9lectionn\u00e9. De cette mani\u00e8re, nous pouvons garantir une qualit\u00e9 sup\u00e9rieure, un toucher doux et des performances \u00e9lev\u00e9es. Vous pouvez laver le pull-over tricot\u00e9 en machine, mais n'oubliez pas qu'il s'agit d'un v\u00eatement en m\u00e9rinos qui n'a pas besoin d'\u00eatre lav\u00e9 aussi souvent, il suffit de l'a\u00e9rer si n\u00e9cessaire.<br \/>\nLe fil est un fil compact \u00e0 tr\u00e8s haute torsion et il a \u00e9t\u00e9 trait\u00e9 super-wash pour \u00e9viter le boulochage.<br \/>\n- 70% RWS Laine m\u00e9rinos, 30% Coton Pima \u00e0 longues fibres<br \/>\n- Encolure en V<br \/>\n- convient aux machines \u00e0 laver<br \/>\n- Moins de peluches<\/p>\n<p>Mati\u00e8re : 70% RWS laine m\u00e9rinos, 30% coton Pima \u00e0 longues fibres<\/p>","protected":false},"excerpt":{"rendered":"<p>Wir haben extrafeines Woll- und Baumwollgarn gemischt, um ein ganzj\u00e4hriges Kleidungsst\u00fcck zu erhalten, das von zwei nat\u00fcrlichen Fasern profitiert. Um unsere verantwortungsvolle Arbeit als Marke aufrechtzuerhalten, verwenden wir zertifizierte Wolle und sorgf\u00e4ltig ausgew\u00e4hlte langstapelige US-Pima Baumwolle. Auf diese Weise k\u00f6nnen wir eine hohe Qualit\u00e4t, einen weichen Griff und hohe Leistung sicherstellen. Sie k\u00f6nnen den Strickpulli [&hellip;]<\/p>\n","protected":false},"featured_media":508607,"template":"","meta":[],"product_brand":[],"product_cat":[4191],"product_tag":[],"class_list":{"0":"post-508564","1":"product","2":"type-product","3":"status-publish","4":"has-post-thumbnail","6":"product_cat-longsleeves-sweatshirts","7":"pa_brand-harvest-frost","8":"pa_brand-type-workwear","9":"pa_filter-color-blau","10":"pa_filter-color-grau","11":"pa_filter-color-schwarz","13":"first","14":"instock","15":"sale","16":"taxable","17":"shipping-taxable","18":"purchasable","19":"product-type-variable","20":"add-to-wishlist-before_image"},"exclude_global_add_ons":[],"addons":[],"acf":[],"_links":{"self":[{"href":"https:\/\/shop.kustom.ch\/fr\/wp-json\/wp\/v2\/product\/508564"}],"collection":[{"href":"https:\/\/shop.kustom.ch\/fr\/wp-json\/wp\/v2\/product"}],"about":[{"href":"https:\/\/shop.kustom.ch\/fr\/wp-json\/wp\/v2\/types\/product"}],"wp:featuredmedia":[{"embeddable":true,"href":"https:\/\/shop.kustom.ch\/fr\/wp-json\/wp\/v2\/media\/508607"}],"wp:attachment":[{"href":"https:\/\/shop.kustom.ch\/fr\/wp-json\/wp\/v2\/media?parent=508564"}],"wp:term":[{"taxonomy":"product_brand","embeddable":true,"href":"https:\/\/shop.kustom.ch\/fr\/wp-json\/wp\/v2\/product_brand?post=508564"},{"taxonomy":"product_cat","embeddable":true,"href":"https:\/\/shop.kustom.ch\/fr\/wp-json\/wp\/v2\/product_cat?post=508564"},{"taxonomy":"product_tag","embeddable":true,"href":"https:\/\/shop.kustom.ch\/fr\/wp-json\/wp\/v2\/product_tag?post=508564"}],"curies":[{"name":"wp","href":"https:\/\/api.w.org\/{rel}","templated":true}]}}