{"id":508359,"date":"2025-01-25T00:29:16","date_gmt":"2025-01-24T23:29:16","guid":{"rendered":"https:\/\/shop.kustom.ch\/?post_type=product&#038;p=508359"},"modified":"2026-03-31T12:05:43","modified_gmt":"2026-03-31T11:05:43","slug":"indigo-bow-34-regular","status":"publish","type":"product","link":"https:\/\/shop.kustom.ch\/fr\/produit\/indigo-bow-34-regular\/","title":{"rendered":"Indigo Bow 34 Regular"},"content":{"rendered":"<p>Elle ressemble \u00e0 une chemise d'affaires tiss\u00e9e classique, mais c'est en fait une chemise tricot\u00e9e. Le meilleur de deux mondes combin\u00e9s. Une chemise d'affaires belle et confortable qui se porte comme un t-shirt. Ceci est obtenu gr\u00e2ce \u00e0 l'utilisation de fil compact haut de gamme Double 60 et d'un traitement doux qui donne \u00e0 la chemise un aspect luxueux et une touche soyeuse. L'utilisation de fils \u00e0 tricoter de haute qualit\u00e9 permet d'obtenir une surface naturelle sans repassage. Il suffit de la laver, de la s\u00e9cher et de la porter.<br \/>\n- Collection INDIGO BOW<br \/>\n- Tissu tricot\u00e9, stretch 360<br \/>\n- 100% Coton, 160g\/m2<br \/>\n- convient aux machines \u00e0 laver<br \/>\n- Le Split Back Yoke permet d'obtenir des \u00e9paules aux contours lisses et une plus grande libert\u00e9 de mouvement<br \/>\n- Col moderne Cut Away, Bouton Down cach\u00e9<br \/>\n- Manches longues<br \/>\n- Poignet avec boutonni\u00e8re suppl\u00e9mentaire pour les boutons de manchette<br \/>\n- Boutons en imitation nacre, 2,5 mm d'\u00e9paisseur<br \/>\n- Ourlet arrondi<\/p>\n<p>Mat\u00e9riau : 100 % coton compact<\/p>","protected":false},"excerpt":{"rendered":"<p>Es sieht aus wie ein klassisches gewebtes Businesshemd, ist aber tats\u00e4chlich ein Strickhemd. Das Beste aus zwei Welten kombiniert. Ein sch\u00f6nes und bequemes Businesshemd, das sich anf\u00fchlt wie ein T-Shirt. Dies wird durch die Verwendung von High End Double 60 Kompaktgarn und einer weichen Behandlung erreicht und gibt dem Hemd einen luxuri\u00f6sen Look und eine [&hellip;]<\/p>\n","protected":false},"featured_media":508384,"template":"","meta":[],"product_brand":[],"product_cat":[9874],"product_tag":[],"class_list":{"0":"post-508359","1":"product","2":"type-product","3":"status-publish","4":"has-post-thumbnail","6":"product_cat-hemden","7":"pa_brand-harvest-frost","8":"pa_brand-type-workwear","9":"pa_filter-color-blau","10":"pa_filter-color-weiss","12":"first","13":"instock","14":"sale","15":"taxable","16":"shipping-taxable","17":"purchasable","18":"product-type-variable","19":"add-to-wishlist-before_image"},"exclude_global_add_ons":[],"addons":[],"acf":[],"_links":{"self":[{"href":"https:\/\/shop.kustom.ch\/fr\/wp-json\/wp\/v2\/product\/508359"}],"collection":[{"href":"https:\/\/shop.kustom.ch\/fr\/wp-json\/wp\/v2\/product"}],"about":[{"href":"https:\/\/shop.kustom.ch\/fr\/wp-json\/wp\/v2\/types\/product"}],"wp:featuredmedia":[{"embeddable":true,"href":"https:\/\/shop.kustom.ch\/fr\/wp-json\/wp\/v2\/media\/508384"}],"wp:attachment":[{"href":"https:\/\/shop.kustom.ch\/fr\/wp-json\/wp\/v2\/media?parent=508359"}],"wp:term":[{"taxonomy":"product_brand","embeddable":true,"href":"https:\/\/shop.kustom.ch\/fr\/wp-json\/wp\/v2\/product_brand?post=508359"},{"taxonomy":"product_cat","embeddable":true,"href":"https:\/\/shop.kustom.ch\/fr\/wp-json\/wp\/v2\/product_cat?post=508359"},{"taxonomy":"product_tag","embeddable":true,"href":"https:\/\/shop.kustom.ch\/fr\/wp-json\/wp\/v2\/product_tag?post=508359"}],"curies":[{"name":"wp","href":"https:\/\/api.w.org\/{rel}","templated":true}]}}