{"id":508290,"date":"2025-01-25T00:28:58","date_gmt":"2025-01-24T23:28:58","guid":{"rendered":"https:\/\/shop.kustom.ch\/?post_type=product&#038;p=508290"},"modified":"2026-03-31T12:05:51","modified_gmt":"2026-03-31T11:05:51","slug":"indigo-bow-33-slim","status":"publish","type":"product","link":"https:\/\/shop.kustom.ch\/fr\/produit\/indigo-bow-33-slim\/","title":{"rendered":"Indigo Bow 33 Slim"},"content":{"rendered":"<p>Couleurs tropicales, texture pliss\u00e9e authentique et caract\u00e9ristique, d\u00e9contraction, raffinement. C'est tout cela qu'offre notre chemise en lin classique, a\u00e9r\u00e9e et tiss\u00e9e 100%. La seule chemise qui m\u00e9rite d'\u00eatre froiss\u00e9e pour \u00eatre encore plus belle de cette fa\u00e7on.<br \/>\n- Collection INDIGO BOW<br \/>\n- Structure plate bicolore<br \/>\n- 100% Lin, 119 g\/m2<br \/>\n- convient aux machines \u00e0 laver<br \/>\n- Le Split Back Yoke permet d'obtenir des \u00e9paules aux contours lisses et une plus grande libert\u00e9 de mouvement<br \/>\n- Col court cut away<br \/>\n- Manches longues<br \/>\n- poignets avec boutonni\u00e8re suppl\u00e9mentaire pour les boutons de manchette<br \/>\n- Boutons classiques de 2,5 mm d'\u00e9paisseur<br \/>\n- Ourlet arrondi<\/p>\n<p>Mati\u00e8re : 100% lin<\/p>","protected":false},"excerpt":{"rendered":"<p>Tropische Farben, authentische, charakteristische Faltentextur, l\u00e4ssig, verfeinert. All das bietet unser klassisch luftiges und 100% gewebtes Leinen Hemd. Das einzige Shirt, das es verdient, zerknittert zu werden um auf diese Weise noch besser auszusehen. \u2022 INDIGO BOW Kollektion \u2022 Flache 2-farbige Struktur \u2022 100% Leinen, 119 g\/m2 \u2022 Waschmaschinen geeignet \u2022 Split Back Yoke sorgt [&hellip;]<\/p>\n","protected":false},"featured_media":508306,"template":"","meta":[],"product_brand":[],"product_cat":[9874],"product_tag":[],"class_list":{"0":"post-508290","1":"product","2":"type-product","3":"status-publish","4":"has-post-thumbnail","6":"product_cat-hemden","7":"pa_brand-harvest-frost","8":"pa_brand-type-workwear","9":"pa_filter-color-blau","10":"pa_filter-color-gruen","11":"pa_filter-color-orange","12":"pa_filter-color-rot","13":"pa_filter-color-weiss","15":"first","16":"instock","17":"sale","18":"taxable","19":"shipping-taxable","20":"purchasable","21":"product-type-variable","22":"add-to-wishlist-before_image"},"exclude_global_add_ons":[],"addons":[],"acf":[],"_links":{"self":[{"href":"https:\/\/shop.kustom.ch\/fr\/wp-json\/wp\/v2\/product\/508290"}],"collection":[{"href":"https:\/\/shop.kustom.ch\/fr\/wp-json\/wp\/v2\/product"}],"about":[{"href":"https:\/\/shop.kustom.ch\/fr\/wp-json\/wp\/v2\/types\/product"}],"wp:featuredmedia":[{"embeddable":true,"href":"https:\/\/shop.kustom.ch\/fr\/wp-json\/wp\/v2\/media\/508306"}],"wp:attachment":[{"href":"https:\/\/shop.kustom.ch\/fr\/wp-json\/wp\/v2\/media?parent=508290"}],"wp:term":[{"taxonomy":"product_brand","embeddable":true,"href":"https:\/\/shop.kustom.ch\/fr\/wp-json\/wp\/v2\/product_brand?post=508290"},{"taxonomy":"product_cat","embeddable":true,"href":"https:\/\/shop.kustom.ch\/fr\/wp-json\/wp\/v2\/product_cat?post=508290"},{"taxonomy":"product_tag","embeddable":true,"href":"https:\/\/shop.kustom.ch\/fr\/wp-json\/wp\/v2\/product_tag?post=508290"}],"curies":[{"name":"wp","href":"https:\/\/api.w.org\/{rel}","templated":true}]}}