{"id":508155,"date":"2025-01-25T00:28:12","date_gmt":"2025-01-24T23:28:12","guid":{"rendered":"https:\/\/shop.kustom.ch\/?post_type=product&#038;p=508155"},"modified":"2026-03-31T12:06:10","modified_gmt":"2026-03-31T11:06:10","slug":"indigo-bow-30-regular-fit","status":"publish","type":"product","link":"https:\/\/shop.kustom.ch\/fr\/produit\/indigo-bow-30-regular-fit\/","title":{"rendered":"Indigo Bow 30 Coupe r\u00e9guli\u00e8re"},"content":{"rendered":"<p>Notre chemise Indigo Bow Oxford est fabriqu\u00e9e \u00e0 partir de mat\u00e9riaux soigneusement s\u00e9lectionn\u00e9s, ce qui la rend agr\u00e9able \u00e0 porter. C'est une chemise d'ouvrier d\u00e9j\u00e0 int\u00e9gr\u00e9e.<br \/>\n- Collection INDIGO BOW<br \/>\n- 100% Coton, structure Oxford, 160 g\/m<br \/>\n- convient aux machines \u00e0 laver<br \/>\n- Le Split Back Yoke permet d'obtenir des \u00e9paules aux contours lisses et une plus grande libert\u00e9 de mouvement<br \/>\n- col boutonn\u00e9<br \/>\n- Poche poitrine chez les hommes<br \/>\n- Manches longues<br \/>\n- poignets avec boutonni\u00e8re suppl\u00e9mentaire pour les boutons de manchette<br \/>\n- Boutons blancs naturels<br \/>\n- Ourlet arrondi<\/p>\n<p>Mati\u00e8re : 100% coton<\/p>","protected":false},"excerpt":{"rendered":"<p>Unser Indigo Bow Oxford Hemd ist aus sorgf\u00e4ltig ausgew\u00e4hlten Materialien, die ein angenehmes Tragegef\u00fchl hervorrufen. Es ist ein Arbeiterhemd, das bereits eingearbeitet ist. \u2022 INDIGO BOW Kollektion \u2022 100% Baumwolle, Oxford Struktur, 160 g\/m\u00b2 \u2022 Waschmaschinen geeignet \u2022 Split Back Yoke sorgt f\u00fcr glatte konturierte Schultern und mehr Bewegungsfreiheit \u2022 Button Down Kragen \u2022 Brusttasche [&hellip;]<\/p>\n","protected":false},"featured_media":508214,"template":"","meta":[],"product_brand":[],"product_cat":[9874],"product_tag":[],"class_list":{"0":"post-508155","1":"product","2":"type-product","3":"status-publish","4":"has-post-thumbnail","6":"product_cat-hemden","7":"pa_brand-harvest-frost","8":"pa_brand-type-workwear","9":"pa_filter-color-pink","10":"pa_filter-color-schwarz","11":"pa_filter-color-weiss","13":"first","14":"instock","15":"sale","16":"taxable","17":"shipping-taxable","18":"purchasable","19":"product-type-variable","20":"add-to-wishlist-before_image"},"exclude_global_add_ons":[],"addons":[],"acf":[],"_links":{"self":[{"href":"https:\/\/shop.kustom.ch\/fr\/wp-json\/wp\/v2\/product\/508155"}],"collection":[{"href":"https:\/\/shop.kustom.ch\/fr\/wp-json\/wp\/v2\/product"}],"about":[{"href":"https:\/\/shop.kustom.ch\/fr\/wp-json\/wp\/v2\/types\/product"}],"wp:featuredmedia":[{"embeddable":true,"href":"https:\/\/shop.kustom.ch\/fr\/wp-json\/wp\/v2\/media\/508214"}],"wp:attachment":[{"href":"https:\/\/shop.kustom.ch\/fr\/wp-json\/wp\/v2\/media?parent=508155"}],"wp:term":[{"taxonomy":"product_brand","embeddable":true,"href":"https:\/\/shop.kustom.ch\/fr\/wp-json\/wp\/v2\/product_brand?post=508155"},{"taxonomy":"product_cat","embeddable":true,"href":"https:\/\/shop.kustom.ch\/fr\/wp-json\/wp\/v2\/product_cat?post=508155"},{"taxonomy":"product_tag","embeddable":true,"href":"https:\/\/shop.kustom.ch\/fr\/wp-json\/wp\/v2\/product_tag?post=508155"}],"curies":[{"name":"wp","href":"https:\/\/api.w.org\/{rel}","templated":true}]}}