{"id":508153,"date":"2025-01-25T00:28:12","date_gmt":"2025-01-24T23:28:12","guid":{"rendered":"https:\/\/shop.kustom.ch\/?post_type=product&#038;p=508153"},"modified":"2026-03-31T12:06:28","modified_gmt":"2026-03-31T11:06:28","slug":"indigo-bow-133-s-s-shirt-tailored-fit","status":"publish","type":"product","link":"https:\/\/shop.kustom.ch\/fr\/produit\/indigo-bow-133-s-s-shirt-tailored-fit\/","title":{"rendered":"Indigo Bow 133 S\/S Shirt Tailored Fit"},"content":{"rendered":"<p>Cette chemise \u00e0 manches courtes en \u00e9dition limit\u00e9e est confectionn\u00e9e dans un tissu \u00e0 mailles confortables. Elle se caract\u00e9rise par notre coupe douce et moderne, notre col cach\u00e9 avec bouton en bas, nos s\u00e9parations lat\u00e9rales et nos manches repli\u00e9es pour un look sophistiqu\u00e9. Disponible en Tailored Fit, qui se situe entre notre Slim Fit et notre Regular Fit.<\/p>\n<p>Mati\u00e8re : 61% coton, 20% polyester recycl\u00e9, 19% lin<\/p>","protected":false},"excerpt":{"rendered":"<p>This Limited Edition short sleeved shirt is crafted in a comfortable knitted fabric. It features our signature soft modern cut away hidden button down collar, side splits and fold up sleeves for a sophisticated look. Available in Tailored Fit, that falls between our Slim Fit and Regular Fit. Material: 61% Baumwolle, 20% Recycling-Polyester, 19% Leinen<\/p>","protected":false},"featured_media":508163,"template":"","meta":[],"product_brand":[],"product_cat":[9874],"product_tag":[],"class_list":{"0":"post-508153","1":"product","2":"type-product","3":"status-publish","4":"has-post-thumbnail","6":"product_cat-hemden","7":"pa_brand-harvest-frost","8":"pa_brand-type-workwear","9":"pa_filter-color-beige","10":"pa_filter-color-blau","12":"first","13":"instock","14":"sale","15":"taxable","16":"shipping-taxable","17":"purchasable","18":"product-type-variable","19":"add-to-wishlist-before_image"},"exclude_global_add_ons":[],"addons":[],"acf":[],"_links":{"self":[{"href":"https:\/\/shop.kustom.ch\/fr\/wp-json\/wp\/v2\/product\/508153"}],"collection":[{"href":"https:\/\/shop.kustom.ch\/fr\/wp-json\/wp\/v2\/product"}],"about":[{"href":"https:\/\/shop.kustom.ch\/fr\/wp-json\/wp\/v2\/types\/product"}],"wp:featuredmedia":[{"embeddable":true,"href":"https:\/\/shop.kustom.ch\/fr\/wp-json\/wp\/v2\/media\/508163"}],"wp:attachment":[{"href":"https:\/\/shop.kustom.ch\/fr\/wp-json\/wp\/v2\/media?parent=508153"}],"wp:term":[{"taxonomy":"product_brand","embeddable":true,"href":"https:\/\/shop.kustom.ch\/fr\/wp-json\/wp\/v2\/product_brand?post=508153"},{"taxonomy":"product_cat","embeddable":true,"href":"https:\/\/shop.kustom.ch\/fr\/wp-json\/wp\/v2\/product_cat?post=508153"},{"taxonomy":"product_tag","embeddable":true,"href":"https:\/\/shop.kustom.ch\/fr\/wp-json\/wp\/v2\/product_tag?post=508153"}],"curies":[{"name":"wp","href":"https:\/\/api.w.org\/{rel}","templated":true}]}}