{"id":508086,"date":"2025-01-25T00:27:51","date_gmt":"2025-01-24T23:27:51","guid":{"rendered":"https:\/\/shop.kustom.ch\/?post_type=product&#038;p=508086"},"modified":"2026-03-31T12:02:04","modified_gmt":"2026-03-31T11:02:04","slug":"indigo-bow-133-s-s-polo-tailored-fit","status":"publish","type":"product","link":"https:\/\/shop.kustom.ch\/fr\/produit\/indigo-bow-133-s-s-polo-tailored-fit\/","title":{"rendered":"Indigo Bow 133 S\/S Polo Tailored Fit"},"content":{"rendered":"<p>Cette chemise \u00e0 manches courtes en \u00e9dition limit\u00e9e est fabriqu\u00e9e dans un tissu tricot\u00e9 confortable. Elle pr\u00e9sente notre coupe caract\u00e9ristique, douce et moderne avec un col boutonn\u00e9 cach\u00e9, des fentes lat\u00e9rales et des manches relevables pour un look raffin\u00e9. Disponible en Tailored Fit, qui se situe entre notre Slim Fit et notre Regular Fit.<\/p>\n<p>Mati\u00e8re : 61% coton, 20% polyester recycl\u00e9, 19% lin<\/p>","protected":false},"excerpt":{"rendered":"<p>Dieses Kurzarmhemd in limitierter Auflage, ist aus einem bequemen Strickstoff gefertigt. Es Verf\u00fcgt \u00fcber unseren charakteristischen, weichen, modernen Schnitt mit verstecktem Button-Down-Kragen, Seitenschlitze, sowie hochklappbare \u00c4rmel f\u00fcr einen raffinierten Look. Erh\u00e4ltlich in Tailored Fit, welches sich zwischen unserem Slim Fit und Regular Fit befindet. Material: 61% Baumwolle, 20% Recycling-Polyester, 19% Leinen<\/p>","protected":false},"featured_media":508133,"template":"","meta":[],"product_brand":[],"product_cat":[9874],"product_tag":[],"class_list":{"0":"post-508086","1":"product","2":"type-product","3":"status-publish","4":"has-post-thumbnail","6":"product_cat-hemden","7":"pa_brand-harvest-frost","8":"pa_brand-type-workwear","9":"pa_filter-color-beige","10":"pa_filter-color-blau","12":"first","13":"instock","14":"sale","15":"taxable","16":"shipping-taxable","17":"purchasable","18":"product-type-variable","19":"add-to-wishlist-before_image"},"exclude_global_add_ons":[],"addons":[],"acf":[],"_links":{"self":[{"href":"https:\/\/shop.kustom.ch\/fr\/wp-json\/wp\/v2\/product\/508086"}],"collection":[{"href":"https:\/\/shop.kustom.ch\/fr\/wp-json\/wp\/v2\/product"}],"about":[{"href":"https:\/\/shop.kustom.ch\/fr\/wp-json\/wp\/v2\/types\/product"}],"wp:featuredmedia":[{"embeddable":true,"href":"https:\/\/shop.kustom.ch\/fr\/wp-json\/wp\/v2\/media\/508133"}],"wp:attachment":[{"href":"https:\/\/shop.kustom.ch\/fr\/wp-json\/wp\/v2\/media?parent=508086"}],"wp:term":[{"taxonomy":"product_brand","embeddable":true,"href":"https:\/\/shop.kustom.ch\/fr\/wp-json\/wp\/v2\/product_brand?post=508086"},{"taxonomy":"product_cat","embeddable":true,"href":"https:\/\/shop.kustom.ch\/fr\/wp-json\/wp\/v2\/product_cat?post=508086"},{"taxonomy":"product_tag","embeddable":true,"href":"https:\/\/shop.kustom.ch\/fr\/wp-json\/wp\/v2\/product_tag?post=508086"}],"curies":[{"name":"wp","href":"https:\/\/api.w.org\/{rel}","templated":true}]}}