{"id":508017,"date":"2025-01-25T00:27:27","date_gmt":"2025-01-24T23:27:27","guid":{"rendered":"https:\/\/shop.kustom.ch\/?post_type=product&#038;p=508017"},"modified":"2026-03-31T12:03:17","modified_gmt":"2026-03-31T11:03:17","slug":"indigo-bow-132-slim","status":"publish","type":"product","link":"https:\/\/shop.kustom.ch\/fr\/produit\/indigo-bow-132-slim\/","title":{"rendered":"Indigo Bow 132 Slim"},"content":{"rendered":"<p>La chemise interlock Oxford tricot\u00e9e. Un classique d'affaires confortable, facile \u00e0 entretenir et moderne avec une performance stretch naturelle et des d\u00e9tails ton sur ton. Elle est dot\u00e9e d'un col boutonn\u00e9 doux et moderne, dissimul\u00e9. Portez-le avec un costume et une cravate lors de r\u00e9unions d'affaires et de mani\u00e8re d\u00e9contract\u00e9e le week-end, sans le rentrer dans votre poche.<\/p>\n<p>Mati\u00e8re : 71% coton \u00e0 longues fibres, 29% polyester recycl\u00e9. 159 g\/m\u00b2. Easy Care<\/p>","protected":false},"excerpt":{"rendered":"<p>Das gestrickte Interlock Oxfordhemd. Ein bequemes, pflegeleichtes, modernes Gesch\u00e4ftsklassiker mit nat\u00fcrlicher Stretch-Performance und Ton-in-Ton-Details. Es hat einen weichen, modernen, verdeckten Button Down Kragen. Tragen Sie es mit einem Anzug und Krawatte bei Gesch\u00e4ftstreffen und leger am Wochenende, ohne es einzustecken. Material: 71% Langstapelige Baumwolle, 29% Recycling-Polyester. 159 g\/m\u00b2. Easy Care<\/p>","protected":false},"featured_media":508067,"template":"","meta":[],"product_brand":[],"product_cat":[9874],"product_tag":[],"class_list":{"0":"post-508017","1":"product","2":"type-product","3":"status-publish","4":"has-post-thumbnail","6":"product_cat-hemden","7":"pa_brand-harvest-frost","8":"pa_brand-type-workwear","9":"pa_filter-color-blau","10":"pa_filter-color-schwarz","11":"pa_filter-color-weiss","13":"first","14":"instock","15":"sale","16":"taxable","17":"shipping-taxable","18":"purchasable","19":"product-type-variable","20":"add-to-wishlist-before_image"},"exclude_global_add_ons":[],"addons":[],"acf":[],"_links":{"self":[{"href":"https:\/\/shop.kustom.ch\/fr\/wp-json\/wp\/v2\/product\/508017"}],"collection":[{"href":"https:\/\/shop.kustom.ch\/fr\/wp-json\/wp\/v2\/product"}],"about":[{"href":"https:\/\/shop.kustom.ch\/fr\/wp-json\/wp\/v2\/types\/product"}],"wp:featuredmedia":[{"embeddable":true,"href":"https:\/\/shop.kustom.ch\/fr\/wp-json\/wp\/v2\/media\/508067"}],"wp:attachment":[{"href":"https:\/\/shop.kustom.ch\/fr\/wp-json\/wp\/v2\/media?parent=508017"}],"wp:term":[{"taxonomy":"product_brand","embeddable":true,"href":"https:\/\/shop.kustom.ch\/fr\/wp-json\/wp\/v2\/product_brand?post=508017"},{"taxonomy":"product_cat","embeddable":true,"href":"https:\/\/shop.kustom.ch\/fr\/wp-json\/wp\/v2\/product_cat?post=508017"},{"taxonomy":"product_tag","embeddable":true,"href":"https:\/\/shop.kustom.ch\/fr\/wp-json\/wp\/v2\/product_tag?post=508017"}],"curies":[{"name":"wp","href":"https:\/\/api.w.org\/{rel}","templated":true}]}}