{"id":507883,"date":"2025-01-25T00:26:42","date_gmt":"2025-01-24T23:26:42","guid":{"rendered":"https:\/\/shop.kustom.ch\/?post_type=product&#038;p=507883"},"modified":"2026-03-31T12:04:14","modified_gmt":"2026-03-31T11:04:14","slug":"indigo-bow-131-woman","status":"publish","type":"product","link":"https:\/\/shop.kustom.ch\/fr\/produit\/indigo-bow-131-woman\/","title":{"rendered":"Indigo Bow 131 Femme"},"content":{"rendered":"<p>Une nouvelle version l\u00e9g\u00e8re de notre chemise en maille Indigo Bow. Elle existe en trois imprim\u00e9s \u00e9l\u00e9gants et modernes. Tricot\u00e9e dans le coton le plus fin, \u00e0 longues fibres et compact pour la douceur et le confort. La combinaison du meilleur des deux mondes fait de cette chemise la chemise la plus confortable et la plus belle du monde. C'est comme porter un t-shirt, incroyablement confortable. Le bouton cach\u00e9 sur le col assure un maintien parfait, du bureau aux d\u00eeners. L'utilisation d'un fil de qualit\u00e9 sup\u00e9rieure dans un tissu tricot\u00e9 vous permet en outre de b\u00e9n\u00e9ficier d'une libert\u00e9 de repassage naturelle, de sorte que vous pouvez la laver, l'accrocher et la porter facilement. Nous avons une grande confiance dans cette nouvelle mani\u00e8re innovante de fabriquer des chemises fines.<br \/>\n- Collection INDIGO BOW<br \/>\n- M\u00e9tier \u00e0 tricoter, stretch 360<br \/>\n- 100% coton, 135g\/m2<br \/>\n- convient aux machines \u00e0 laver<br \/>\n- Le Split Back Yoke permet d'obtenir des \u00e9paules aux contours lisses et une plus grande libert\u00e9 de mouvement<br \/>\n- Col moderne Cut Away Bouton Down cach\u00e9<br \/>\n- Manches longues<br \/>\n- Poignet avec boutonni\u00e8re suppl\u00e9mentaire pour les boutons de manchette<br \/>\n- Boutons hauts, de 4 mm d'\u00e9paisseur<br \/>\n- Ourlet arrondi<\/p>\n<p>Mati\u00e8re : 100% coton compact \u00e0 fibres longues<\/p>","protected":false},"excerpt":{"rendered":"<p>Eine neue, leichte Version unseres Indigo Bow Strickhemd. Es gibt sie in drei stilvollen und modernen Prints. Gestrickt aus feinster, langstapeliger, kompakter Baumwolle f\u00fcr Weichheit und Komfort. Die Kombination des Besten aus zwei Welten macht dieses Hemd zum bequemsten gut aussehenden Hemd der Welt. Es ist, als w\u00fcrde man ein T-Shirt tragen, unglaublich bequem. Der [&hellip;]<\/p>\n","protected":false},"featured_media":507944,"template":"","meta":[],"product_brand":[],"product_cat":[9895],"product_tag":[],"class_list":{"0":"post-507883","1":"product","2":"type-product","3":"status-publish","4":"has-post-thumbnail","6":"product_cat-blusen","7":"pa_brand-harvest-frost","8":"pa_brand-type-workwear","9":"pa_filter-color-blau","11":"first","12":"instock","13":"sale","14":"taxable","15":"shipping-taxable","16":"purchasable","17":"product-type-variable","18":"add-to-wishlist-before_image"},"exclude_global_add_ons":[],"addons":[],"acf":[],"_links":{"self":[{"href":"https:\/\/shop.kustom.ch\/fr\/wp-json\/wp\/v2\/product\/507883"}],"collection":[{"href":"https:\/\/shop.kustom.ch\/fr\/wp-json\/wp\/v2\/product"}],"about":[{"href":"https:\/\/shop.kustom.ch\/fr\/wp-json\/wp\/v2\/types\/product"}],"wp:featuredmedia":[{"embeddable":true,"href":"https:\/\/shop.kustom.ch\/fr\/wp-json\/wp\/v2\/media\/507944"}],"wp:attachment":[{"href":"https:\/\/shop.kustom.ch\/fr\/wp-json\/wp\/v2\/media?parent=507883"}],"wp:term":[{"taxonomy":"product_brand","embeddable":true,"href":"https:\/\/shop.kustom.ch\/fr\/wp-json\/wp\/v2\/product_brand?post=507883"},{"taxonomy":"product_cat","embeddable":true,"href":"https:\/\/shop.kustom.ch\/fr\/wp-json\/wp\/v2\/product_cat?post=507883"},{"taxonomy":"product_tag","embeddable":true,"href":"https:\/\/shop.kustom.ch\/fr\/wp-json\/wp\/v2\/product_tag?post=507883"}],"curies":[{"name":"wp","href":"https:\/\/api.w.org\/{rel}","templated":true}]}}