{"id":507650,"date":"2025-01-25T00:25:15","date_gmt":"2025-01-24T23:25:15","guid":{"rendered":"https:\/\/shop.kustom.ch\/?post_type=product&#038;p=507650"},"modified":"2026-03-31T12:05:25","modified_gmt":"2026-03-31T11:05:25","slug":"green-bow-01-lady","status":"publish","type":"product","link":"https:\/\/shop.kustom.ch\/fr\/produit\/green-bow-01-lady\/","title":{"rendered":"Green Bow 01 lady"},"content":{"rendered":"<p>Rien ne peut remplacer une chemise classique dans sa forme la plus pure. Nos d\u00e9tails minutieusement mis en \u0153uvre font de ce v\u00eatement quelque chose de tr\u00e8s sp\u00e9cial. La chemise est fabriqu\u00e9e dans un tissu serg\u00e9 de haute qualit\u00e9, ce qui la rend agr\u00e9able \u00e0 porter et douce, et permet aux couleurs de ressortir encore plus.<br \/>\n- Collection GREEN BOW<br \/>\n- Twill tr\u00e8s fin, couleurs classiques<br \/>\n- 100% Coton, 124 g\/m2<br \/>\n- Non-Iron (sans repassage)<br \/>\n- convient aux machines \u00e0 laver<br \/>\n- Split Back Yoke assure des \u00e9paules lisses et profil\u00e9es et une plus grande libert\u00e9 de mouvement<br \/>\n- Les Taped Main Seams conf\u00e8rent \u00e0 la chemise un look frais et exclusif apr\u00e8s chaque lavage. Pas de plis<br \/>\n- Col semi-coup\u00e9<br \/>\n- Manches longues<br \/>\n- poignets avec boutonni\u00e8re suppl\u00e9mentaire pour les boutons de manchette<br \/>\n- Boutons hauts de 4 mm d'\u00e9paisseur<\/p>\n<p>Mati\u00e8re : 100% coton<\/p>","protected":false},"excerpt":{"rendered":"<p>Ein klassisches Hemd in seiner reinsten Form kann durch nichts ersetzt werden. Unsere aufwendig umgesetzten Details lassen dieses Kleidungsst\u00fcck zu etwas ganz Besonderem werden. Das Hemd ist aus hochwertigem Twill Gewebe, wodurch sich das Tragegef\u00fchl angenehm weich anf\u00fchlt und die Farben noch mehr zur Wirkung zeigen. \u2022 GREEN BOW Kollektion \u2022 Feinster Twill, klassische Farben [&hellip;]<\/p>\n","protected":false},"featured_media":507668,"template":"","meta":[],"product_brand":[],"product_cat":[9895],"product_tag":[],"class_list":{"0":"post-507650","1":"product","2":"type-product","3":"status-publish","4":"has-post-thumbnail","6":"product_cat-blusen","7":"pa_brand-harvest-frost","8":"pa_brand-type-workwear","9":"pa_filter-color-blau","10":"pa_filter-color-grau","11":"pa_filter-color-schwarz","12":"pa_filter-color-weiss","14":"first","15":"instock","16":"sale","17":"taxable","18":"shipping-taxable","19":"purchasable","20":"product-type-variable","21":"add-to-wishlist-before_image"},"exclude_global_add_ons":[],"addons":[],"acf":[],"_links":{"self":[{"href":"https:\/\/shop.kustom.ch\/fr\/wp-json\/wp\/v2\/product\/507650"}],"collection":[{"href":"https:\/\/shop.kustom.ch\/fr\/wp-json\/wp\/v2\/product"}],"about":[{"href":"https:\/\/shop.kustom.ch\/fr\/wp-json\/wp\/v2\/types\/product"}],"wp:featuredmedia":[{"embeddable":true,"href":"https:\/\/shop.kustom.ch\/fr\/wp-json\/wp\/v2\/media\/507668"}],"wp:attachment":[{"href":"https:\/\/shop.kustom.ch\/fr\/wp-json\/wp\/v2\/media?parent=507650"}],"wp:term":[{"taxonomy":"product_brand","embeddable":true,"href":"https:\/\/shop.kustom.ch\/fr\/wp-json\/wp\/v2\/product_brand?post=507650"},{"taxonomy":"product_cat","embeddable":true,"href":"https:\/\/shop.kustom.ch\/fr\/wp-json\/wp\/v2\/product_cat?post=507650"},{"taxonomy":"product_tag","embeddable":true,"href":"https:\/\/shop.kustom.ch\/fr\/wp-json\/wp\/v2\/product_tag?post=507650"}],"curies":[{"name":"wp","href":"https:\/\/api.w.org\/{rel}","templated":true}]}}