{"id":507584,"date":"2025-01-25T00:24:48","date_gmt":"2025-01-24T23:24:48","guid":{"rendered":"https:\/\/shop.kustom.ch\/?post_type=product&#038;p=507584"},"modified":"2026-03-31T12:01:06","modified_gmt":"2026-03-31T11:01:06","slug":"giftbox-solid-hankie-lapel-pin","status":"publish","type":"product","link":"https:\/\/shop.kustom.ch\/fr\/produit\/giftbox-solid-hankie-lapel-pin\/","title":{"rendered":"Giftbox Solid Hankie &amp; Lapel Pin"},"content":{"rendered":"<p>Mouchoir en soie monochrome, combin\u00e9 avec une \u00e9pingle de revers assortie. Ils sont tous deux pr\u00e9sent\u00e9s dans un coffret cadeau exclusif. D\u00e9boutonnez les deux boutons sup\u00e9rieurs de votre chemise J.H&amp;F, placez nonchalamment le mouchoir dans la poche de poitrine de votre blazer et \u00e9pinglez l'\u00e9pingle \u00e0 revers \u00e0 votre revers - vous \u00eates pr\u00eat pour une f\u00eate ! Taille du mouchoir : 30 cm, * 30 cm.<\/p>\n<p>Mati\u00e8re : 100% soie<\/p>","protected":false},"excerpt":{"rendered":"<p>Monochromes Seidentaschentuch, kombiniert mit einer passenden Reversnadel. Die beiden kommen in einer exklusiven Geschenkbox. Kn\u00f6pfen Sie die beiden obersten Kn\u00f6pfe Ihres J.H&amp;F Hemdes auf, legen Sie das Taschentuch l\u00e4ssig in die Brusttasche Ihres Blazers und stecken Sie die Reversnadel an Ihren Revers &#8211; Sie sind bereit f\u00fcr eine Party! Taschentuchgr\u00f6sse: 30 cm, * 30 cm. [&hellip;]<\/p>\n","protected":false},"featured_media":507649,"template":"","meta":[],"product_brand":[],"product_cat":[4209],"product_tag":[],"class_list":{"0":"post-507584","1":"product","2":"type-product","3":"status-publish","4":"has-post-thumbnail","6":"product_cat-zubehoer","7":"pa_brand-harvest-frost","8":"pa_brand-type-workwear","9":"pa_filter-color-blau","10":"pa_filter-color-rot","11":"pa_filter-color-schwarz","13":"first","14":"instock","15":"sale","16":"taxable","17":"shipping-taxable","18":"purchasable","19":"product-type-variable","20":"add-to-wishlist-before_image"},"exclude_global_add_ons":[],"addons":[],"acf":[],"_links":{"self":[{"href":"https:\/\/shop.kustom.ch\/fr\/wp-json\/wp\/v2\/product\/507584"}],"collection":[{"href":"https:\/\/shop.kustom.ch\/fr\/wp-json\/wp\/v2\/product"}],"about":[{"href":"https:\/\/shop.kustom.ch\/fr\/wp-json\/wp\/v2\/types\/product"}],"wp:featuredmedia":[{"embeddable":true,"href":"https:\/\/shop.kustom.ch\/fr\/wp-json\/wp\/v2\/media\/507649"}],"wp:attachment":[{"href":"https:\/\/shop.kustom.ch\/fr\/wp-json\/wp\/v2\/media?parent=507584"}],"wp:term":[{"taxonomy":"product_brand","embeddable":true,"href":"https:\/\/shop.kustom.ch\/fr\/wp-json\/wp\/v2\/product_brand?post=507584"},{"taxonomy":"product_cat","embeddable":true,"href":"https:\/\/shop.kustom.ch\/fr\/wp-json\/wp\/v2\/product_cat?post=507584"},{"taxonomy":"product_tag","embeddable":true,"href":"https:\/\/shop.kustom.ch\/fr\/wp-json\/wp\/v2\/product_tag?post=507584"}],"curies":[{"name":"wp","href":"https:\/\/api.w.org\/{rel}","templated":true}]}}