{"id":507517,"date":"2025-01-25T00:24:34","date_gmt":"2025-01-24T23:24:34","guid":{"rendered":"https:\/\/shop.kustom.ch\/?post_type=product&#038;p=507517"},"modified":"2026-03-31T12:01:21","modified_gmt":"2026-03-31T11:01:21","slug":"club-blazer-30-man","status":"publish","type":"product","link":"https:\/\/shop.kustom.ch\/fr\/produit\/club-blazer-30-man\/","title":{"rendered":"Club Blazer 30 Man"},"content":{"rendered":"<p>Notre blazer club moderne avec fonction stretch a des \u00e9paules super douces, une taille sur mesure et un int\u00e9rieur Butterfly semi-doubl\u00e9. Il est dot\u00e9 d'un revers g\u00e9n\u00e9reux, de poches lat\u00e9rales plaqu\u00e9es, d'une poche \u00e0 filet sur la poitrine et de doubles fentes d'a\u00e9ration \u00e0 l'ourlet du dos. La construction du tissu donne un look robuste pour une ambiance moins formelle mais toujours \u00e9l\u00e9gante. Portez le blazer Club avec vos jeans pr\u00e9f\u00e9r\u00e9s ou associez-le \u00e0 notre pantalon classique gris pour un look d\u00e9contract\u00e9 moderne et sportif.<br \/>\n- 70% Laine, 20% Polyester, 10% PTT Stretch, 400 g\/m\u00b2.<br \/>\n- Revers crant\u00e9 de 8 cm<br \/>\n- fermeture \u00e0 2 boutons<br \/>\n- double fente \u00e0 l'ourlet du dos du mod\u00e8le homme<br \/>\n- poche poitrine et 2 poches lat\u00e9rales plaqu\u00e9es<br \/>\n- manches avec quatre boutons qui se chevauchent<br \/>\n- Coupe entre slim et regular<br \/>\n- Semi-doubl\u00e9 style Butterfly, mat\u00e9riau robuste au niveau du corps<br \/>\n- Doublure \u00e0 motifs \u00e0 l'int\u00e9rieur des manches, trait\u00e9e avec une finition antibact\u00e9rienne<br \/>\n- 3 poches int\u00e9rieures<\/p>\n<p>Mati\u00e8re : 70% LAINE, 20% polyester, 10% PTT STRETCH<\/p>","protected":false},"excerpt":{"rendered":"<p>Unser moderner Club Blazer mit Stretch Funktion hat superweiche Schultern, eine massgeschneiderte Taille und ein halbgef\u00fcttertes Butterfly Interieur. Er verf\u00fcgt \u00fcber ein grossz\u00fcgiges Revers, aufgesetzte Seitentaschen, eine Leistentasche auf der Brust und doppelte Bel\u00fcftungsschlitze am R\u00fcckensaum. Die Stoffkonstruktion vermittelt einen robusten Look f\u00fcr eine weniger formelle und dennoch elegante Stimmung. Tragen Sie den Club Blazer [&hellip;]<\/p>\n","protected":false},"featured_media":507561,"template":"","meta":[],"product_brand":[],"product_cat":[4186],"product_tag":[],"class_list":{"0":"post-507517","1":"product","2":"type-product","3":"status-publish","4":"has-post-thumbnail","6":"product_cat-jacken","7":"pa_brand-harvest-frost","8":"pa_brand-type-workwear","9":"pa_filter-color-blau","10":"pa_filter-color-braun","11":"pa_filter-color-grau","13":"first","14":"instock","15":"sale","16":"taxable","17":"shipping-taxable","18":"purchasable","19":"product-type-variable","20":"add-to-wishlist-before_image"},"exclude_global_add_ons":[],"addons":[],"acf":[],"_links":{"self":[{"href":"https:\/\/shop.kustom.ch\/fr\/wp-json\/wp\/v2\/product\/507517"}],"collection":[{"href":"https:\/\/shop.kustom.ch\/fr\/wp-json\/wp\/v2\/product"}],"about":[{"href":"https:\/\/shop.kustom.ch\/fr\/wp-json\/wp\/v2\/types\/product"}],"wp:featuredmedia":[{"embeddable":true,"href":"https:\/\/shop.kustom.ch\/fr\/wp-json\/wp\/v2\/media\/507561"}],"wp:attachment":[{"href":"https:\/\/shop.kustom.ch\/fr\/wp-json\/wp\/v2\/media?parent=507517"}],"wp:term":[{"taxonomy":"product_brand","embeddable":true,"href":"https:\/\/shop.kustom.ch\/fr\/wp-json\/wp\/v2\/product_brand?post=507517"},{"taxonomy":"product_cat","embeddable":true,"href":"https:\/\/shop.kustom.ch\/fr\/wp-json\/wp\/v2\/product_cat?post=507517"},{"taxonomy":"product_tag","embeddable":true,"href":"https:\/\/shop.kustom.ch\/fr\/wp-json\/wp\/v2\/product_tag?post=507517"}],"curies":[{"name":"wp","href":"https:\/\/api.w.org\/{rel}","templated":true}]}}