{"id":507516,"date":"2025-01-25T00:24:29","date_gmt":"2025-01-24T23:24:29","guid":{"rendered":"https:\/\/shop.kustom.ch\/produkt\/classic-trouser-man\/"},"modified":"2026-03-31T12:03:50","modified_gmt":"2026-03-31T11:03:50","slug":"classic-trouser-man","status":"publish","type":"product","link":"https:\/\/shop.kustom.ch\/fr\/produit\/classic-trouser-man\/","title":{"rendered":"Classic Trouser Man"},"content":{"rendered":"<p>Aussi confortable que possible. Ce pantalon \u00e9l\u00e9gant avec un devant plat, une coupe slim et un stretch 4 directions hydrofuge offre une libert\u00e9 de mouvement \u00e0 chaque instant.<br \/>\nM\u00eame les changements de temps n'affectent pas ce pantalon. En cas de pluie, les gouttes perlent tout simplement sur la surface de votre pantalon gr\u00e2ce \u00e0 une finition innovante. Les parties particuli\u00e8rement sollicit\u00e9es du pantalon ont \u00e9t\u00e9 trait\u00e9es avec un supercrease innovant et brevet\u00e9.<br \/>\nCeinture int\u00e9rieure douce en mat\u00e9riau principal pour un meilleur confort de mouvement. Doubl\u00e9 jusqu'au genou avec de la viscose douce.<br \/>\nAssociez ce pantalon \u00e0 notre blazer classique pour un look complet ou \u00e0 une chemise au style affirm\u00e9 pour un look de bureau \u00e9l\u00e9gant.<br \/>\n- Tissu stretch 4 directions haute performance. Respirant<br \/>\n- 260 g\/m\u00b2. Finition \u00e9cologique et hydrofuge<br \/>\n- Tissu principal : 86% coton, 8,5% polyester, 5% lycra, 0,5% antistatique<br \/>\n- Regular Fit, coupe droite<br \/>\n- Face avant plate<br \/>\n- poche \u00e0 l'arri\u00e8re, poche lat\u00e9rale avec coutures AMF<br \/>\n- fermeture \u00e9clair YKK avec crochet<br \/>\n- Extension de la ceinture visible de l'ext\u00e9rieur<br \/>\n- Jusqu'au genou avec doublure int\u00e9rieure, 55% polyester, 45% viscose<\/p>\n<p>Mati\u00e8re : 86% laine, 8,5% polyester, 5% lycra, 0,5% antistatique<\/p>","protected":false},"excerpt":{"rendered":"<p>So bequem wie es nur geht. Diese stilvolle Hose mit flacher Vorderseite, schlankem Schnitt und aus wasserabweisendem 4 Wege Stretch bietet Bewegungsfreiheit in jedem Moment. Auch Wetterver\u00e4nderung l\u00e4sst dieser Hose nichts anhaben. Bei Regen perlen die Tropfen ganz einfach durch ein innovatives Finish von der Oberfl\u00e4che Ihrer Hose ab. Besonders beanspruchte Stellen an der Hose [&hellip;]<\/p>\n","protected":false},"featured_media":507515,"template":"","meta":[],"product_brand":[],"product_cat":[4185],"product_tag":[],"class_list":{"0":"post-507516","1":"product","2":"type-product","3":"status-publish","4":"has-post-thumbnail","6":"product_cat-hosen","7":"pa_brand-harvest-frost","8":"pa_brand-type-workwear","9":"pa_filter-color-blau","10":"pa_filter-color-grau","11":"pa_filter-color-schwarz","13":"first","14":"instock","15":"sale","16":"taxable","17":"shipping-taxable","18":"purchasable","19":"product-type-variable","20":"add-to-wishlist-before_image"},"exclude_global_add_ons":[],"addons":[],"acf":[],"_links":{"self":[{"href":"https:\/\/shop.kustom.ch\/fr\/wp-json\/wp\/v2\/product\/507516"}],"collection":[{"href":"https:\/\/shop.kustom.ch\/fr\/wp-json\/wp\/v2\/product"}],"about":[{"href":"https:\/\/shop.kustom.ch\/fr\/wp-json\/wp\/v2\/types\/product"}],"wp:featuredmedia":[{"embeddable":true,"href":"https:\/\/shop.kustom.ch\/fr\/wp-json\/wp\/v2\/media\/507515"}],"wp:attachment":[{"href":"https:\/\/shop.kustom.ch\/fr\/wp-json\/wp\/v2\/media?parent=507516"}],"wp:term":[{"taxonomy":"product_brand","embeddable":true,"href":"https:\/\/shop.kustom.ch\/fr\/wp-json\/wp\/v2\/product_brand?post=507516"},{"taxonomy":"product_cat","embeddable":true,"href":"https:\/\/shop.kustom.ch\/fr\/wp-json\/wp\/v2\/product_cat?post=507516"},{"taxonomy":"product_tag","embeddable":true,"href":"https:\/\/shop.kustom.ch\/fr\/wp-json\/wp\/v2\/product_tag?post=507516"}],"curies":[{"name":"wp","href":"https:\/\/api.w.org\/{rel}","templated":true}]}}