{"id":507450,"date":"2025-01-25T00:24:18","date_gmt":"2025-01-24T23:24:18","guid":{"rendered":"https:\/\/shop.kustom.ch\/?post_type=product&#038;p=507450"},"modified":"2026-03-31T12:01:04","modified_gmt":"2026-03-31T11:01:04","slug":"classic-blazer-20-woman","status":"publish","type":"product","link":"https:\/\/shop.kustom.ch\/fr\/produit\/classic-blazer-20-woman\/","title":{"rendered":"Blazer classique 20 Femme"},"content":{"rendered":"<p>Le nouveau blazer a \u00e9t\u00e9 enti\u00e8rement repens\u00e9 et offre une nouvelle libert\u00e9 de mouvement \u00e0 chaque instant gr\u00e2ce \u00e0 un tissu stretch confortable \u00e0 4 voies.<br \/>\nM\u00eame le mauvais temps ne l'affecte pas. En cas de pluie, les gouttes perlent tout simplement sur la surface de votre blazer gr\u00e2ce \u00e0 une finition innovante.<br \/>\nLes \u00e9paules l\u00e9g\u00e8rement arrondies et les coutures AMF conf\u00e8rent au blazer un look \u00e9l\u00e9gant et d\u00e9contract\u00e9, mais aussi \u00e9l\u00e9gant et formel. Parfait pour toutes les occasions.<br \/>\nL'int\u00e9rieur du blazer est dot\u00e9 d'une douce doublure en viscose dans une \u00e9l\u00e9gante combinaison de couleurs. De plus, la doublure des manches a \u00e9t\u00e9 trait\u00e9e avec une finition antibact\u00e9rienne afin d'\u00e9viter les odeurs ind\u00e9sirables pendant une dure journ\u00e9e de travail.<br \/>\n- Tissu stretch 4 directions haute performance. Respirant<br \/>\n- 260 g\/m\u00b2. Finition \u00e9cologique et hydrofuge<br \/>\n- Ext\u00e9rieur : 86% coton, 8,5% polyester, 5% lycra, 0,5% antistatique. Doublure int\u00e9rieure en viscose<br \/>\n- fermeture \u00e0 2 boutons<br \/>\n- double fente sur les ourlets du dos du mod\u00e8le homme, pas de fente sur le mod\u00e8le femme<br \/>\n- poche poitrine et deux autres poches<br \/>\n- 4 poches int\u00e9rieures<br \/>\n- manches avec quatre boutons qui se chevauchent<br \/>\n- Coupe entre \u00e9troite et r\u00e9guli\u00e8re<br \/>\n- Enti\u00e8rement doubl\u00e9. Mat\u00e9riau robuste au niveau du corps, doublure \u00e0 motifs \u00e0 l'int\u00e9rieur des manches, trait\u00e9 avec une finition antibact\u00e9rienne<\/p>\n<p>Mati\u00e8re : 86% laine, 8,5% polyester, 5% lycra, 0,5% antistatique<\/p>","protected":false},"excerpt":{"rendered":"<p>Der neue Blazer ist komplett \u00fcberarbeitet worden und bietet mit dem komfortablen 4 Wege Stretch Gewebe eine neue Bewegungsfreiheit in jedem Moment. Auch schlechtes Wetter l\u00e4sst ihm nichts anhaben. Bei Regen perlen die Tropfen ganz einfach durch ein innovatives Finish von der Oberfl\u00e4che Ihres Blazers ab. Leicht abgerundete Schultern und AMF N\u00e4hte verleihen dem Blazer [&hellip;]<\/p>\n","protected":false},"featured_media":507475,"template":"","meta":[],"product_brand":[],"product_cat":[4186],"product_tag":[],"class_list":{"0":"post-507450","1":"product","2":"type-product","3":"status-publish","4":"has-post-thumbnail","6":"product_cat-jacken","7":"pa_brand-harvest-frost","8":"pa_brand-type-workwear","9":"pa_filter-color-blau","10":"pa_filter-color-grau","11":"pa_filter-color-schwarz","13":"first","14":"instock","15":"sale","16":"taxable","17":"shipping-taxable","18":"purchasable","19":"product-type-variable","20":"add-to-wishlist-before_image"},"exclude_global_add_ons":[],"addons":[],"acf":[],"_links":{"self":[{"href":"https:\/\/shop.kustom.ch\/fr\/wp-json\/wp\/v2\/product\/507450"}],"collection":[{"href":"https:\/\/shop.kustom.ch\/fr\/wp-json\/wp\/v2\/product"}],"about":[{"href":"https:\/\/shop.kustom.ch\/fr\/wp-json\/wp\/v2\/types\/product"}],"wp:featuredmedia":[{"embeddable":true,"href":"https:\/\/shop.kustom.ch\/fr\/wp-json\/wp\/v2\/media\/507475"}],"wp:attachment":[{"href":"https:\/\/shop.kustom.ch\/fr\/wp-json\/wp\/v2\/media?parent=507450"}],"wp:term":[{"taxonomy":"product_brand","embeddable":true,"href":"https:\/\/shop.kustom.ch\/fr\/wp-json\/wp\/v2\/product_brand?post=507450"},{"taxonomy":"product_cat","embeddable":true,"href":"https:\/\/shop.kustom.ch\/fr\/wp-json\/wp\/v2\/product_cat?post=507450"},{"taxonomy":"product_tag","embeddable":true,"href":"https:\/\/shop.kustom.ch\/fr\/wp-json\/wp\/v2\/product_tag?post=507450"}],"curies":[{"name":"wp","href":"https:\/\/api.w.org\/{rel}","templated":true}]}}