{"id":507383,"date":"2025-01-25T00:23:57","date_gmt":"2025-01-24T23:23:57","guid":{"rendered":"https:\/\/shop.kustom.ch\/?post_type=product&#038;p=507383"},"modified":"2026-03-31T12:02:38","modified_gmt":"2026-03-31T11:02:38","slug":"casual-blazer","status":"publish","type":"product","link":"https:\/\/shop.kustom.ch\/fr\/produit\/casual-blazer\/","title":{"rendered":"Blazer d\u00e9contract\u00e9"},"content":{"rendered":"<p>De loin, il peut ressembler \u00e0 un blazer formel, mais de pr\u00e8s, c'est un must-have sportif et \u00e9l\u00e9gant. Le tissu en jersey est extr\u00eamement confortable, l\u00e9ger et extensible. Avec sa surface infroissable, il est parfait pour les d\u00e9placements. Vous aurez \u00e0 la fois fi\u00e8re allure et vous vous sentirez bien dans ce blazer hybride sweat-shirt-r\u00e9f\u00e9rence-over-shirt-r\u00e9f\u00e9rence. Associez-le \u00e0 une chemise de notre ligne Bow. Dress it up ou dress it down, toute l'ann\u00e9e autour.<br \/>\n- 60% coton, 40% polyester<br \/>\n- Pas de poche de poitrine<br \/>\n- fermeture avec 2 boutons<br \/>\n- Pas d'a\u00e9ration<br \/>\n- 2 poches lat\u00e9rales plaqu\u00e9es<br \/>\n- manches avec 4 boutons qui se chevauchent<br \/>\n- Coupe entre slim et regular<br \/>\n- Disponible pour les femmes et les hommes<br \/>\n- Enti\u00e8rement doubl\u00e9<\/p>\n<p>Mati\u00e8re : 60% coton, 40% polyester<\/p>","protected":false},"excerpt":{"rendered":"<p>Aus der Ferne mag es wie ein formeller Blazer aussehen, aber aus der N\u00e4he ist es ein sportlich, elegantes Must Have. Der Jersey-Stoff ist \u00e4usserst bequem, leicht und dehnbar. Mit seiner knitterfreien Oberfl\u00e4che ist er perfekt f\u00fcr unterwegs. Sie werden sowohl gut aussehen als auch sich wohlf\u00fchlen in diesem hybriden Sweatshirt-trifft-Overshirt-trifft-Blazer. Kombinieren Sie es mit [&hellip;]<\/p>\n","protected":false},"featured_media":507396,"template":"","meta":[],"product_brand":[],"product_cat":[4186],"product_tag":[],"class_list":{"0":"post-507383","1":"product","2":"type-product","3":"status-publish","4":"has-post-thumbnail","6":"product_cat-jacken","7":"pa_brand-harvest-frost","8":"pa_brand-type-workwear","9":"pa_filter-color-blau","10":"pa_filter-color-schwarz","12":"first","13":"instock","14":"sale","15":"taxable","16":"shipping-taxable","17":"purchasable","18":"product-type-variable","19":"add-to-wishlist-before_image"},"exclude_global_add_ons":[],"addons":[],"acf":[],"_links":{"self":[{"href":"https:\/\/shop.kustom.ch\/fr\/wp-json\/wp\/v2\/product\/507383"}],"collection":[{"href":"https:\/\/shop.kustom.ch\/fr\/wp-json\/wp\/v2\/product"}],"about":[{"href":"https:\/\/shop.kustom.ch\/fr\/wp-json\/wp\/v2\/types\/product"}],"wp:featuredmedia":[{"embeddable":true,"href":"https:\/\/shop.kustom.ch\/fr\/wp-json\/wp\/v2\/media\/507396"}],"wp:attachment":[{"href":"https:\/\/shop.kustom.ch\/fr\/wp-json\/wp\/v2\/media?parent=507383"}],"wp:term":[{"taxonomy":"product_brand","embeddable":true,"href":"https:\/\/shop.kustom.ch\/fr\/wp-json\/wp\/v2\/product_brand?post=507383"},{"taxonomy":"product_cat","embeddable":true,"href":"https:\/\/shop.kustom.ch\/fr\/wp-json\/wp\/v2\/product_cat?post=507383"},{"taxonomy":"product_tag","embeddable":true,"href":"https:\/\/shop.kustom.ch\/fr\/wp-json\/wp\/v2\/product_tag?post=507383"}],"curies":[{"name":"wp","href":"https:\/\/api.w.org\/{rel}","templated":true}]}}