{"id":507316,"date":"2025-01-25T00:23:37","date_gmt":"2025-01-24T23:23:37","guid":{"rendered":"https:\/\/shop.kustom.ch\/?post_type=product&#038;p=507316"},"modified":"2026-03-31T12:05:07","modified_gmt":"2026-03-31T11:05:07","slug":"black-bow-60-slim-fit","status":"publish","type":"product","link":"https:\/\/shop.kustom.ch\/fr\/produit\/black-bow-60-slim-fit\/","title":{"rendered":"Black Bow 60 Slim fit"},"content":{"rendered":"<p>La chemise ultime sans repassage avec protection contre les taches pour que tu fasses bonne figure m\u00eame apr\u00e8s le d\u00e9jeuner en r\u00e9union. La nanotechnologie avanc\u00e9e fait en sorte que le caf\u00e9, le vin et m\u00eame l'huile perlent tout simplement.<br \/>\n- Collection BLACK BOW<br \/>\n- Non-Iron (sans repassage)<br \/>\n- Nano Technology, r\u00e9sistant aux liquides et \u00e0 la salet\u00e9<br \/>\n- 100% coton, stretch m\u00e9canique, 131 g\/m2<br \/>\n- Le Split Back Yoke permet d'obtenir des \u00e9paules aux contours lisses et une plus grande libert\u00e9 de mouvement.<br \/>\n- Les Taped Main Seams conf\u00e8rent \u00e0 la chemise un look frais et exclusif apr\u00e8s chaque lavage.<br \/>\n- Col cutaway moderne, bouton down cach\u00e9.<br \/>\n- Fil \u00e9lastique sur le bouton sup\u00e9rieur du col.<br \/>\n- Manches longues<\/p>\n<p>Mat\u00e9riau : nanotechnologie, hydrofuge, ol\u00e9ofuge et antisalissure. 100 % Coton compact \u00e0 fibres longues avec stretch m\u00e9canique\" serait la traduction de votre phrase<\/p>","protected":false},"excerpt":{"rendered":"<p>Das ultimativ b\u00fcgelfreie Hemd mit Fleckenschutz damit du auch nach dem Lunch am Meeting eine gute Figur machst. Die fortschrittliche Nanotechnologie sorgt daf\u00fcr, dass Kaffee, Wein und sogar \u00d6l einfach abperlen. \u2022 BLACK BOW Kollektion \u2022 Non-Iron (B\u00fcgelfrei) \u2022 Nano Technology, Fl\u00fcssigkeits- und schmutzabweisend \u2022 100% baumwolle, mechanical stretch, 131 g\/m2 \u2022 Split Back Yoke [&hellip;]<\/p>\n","protected":false},"featured_media":507345,"template":"","meta":[],"product_brand":[],"product_cat":[9874],"product_tag":[],"class_list":{"0":"post-507316","1":"product","2":"type-product","3":"status-publish","4":"has-post-thumbnail","6":"product_cat-hemden","7":"pa_brand-harvest-frost","8":"pa_brand-type-workwear","9":"pa_filter-color-blau","10":"pa_filter-color-schwarz","11":"pa_filter-color-weiss","13":"first","14":"instock","15":"sale","16":"taxable","17":"shipping-taxable","18":"purchasable","19":"product-type-variable","20":"add-to-wishlist-before_image"},"exclude_global_add_ons":[],"addons":[],"acf":[],"_links":{"self":[{"href":"https:\/\/shop.kustom.ch\/fr\/wp-json\/wp\/v2\/product\/507316"}],"collection":[{"href":"https:\/\/shop.kustom.ch\/fr\/wp-json\/wp\/v2\/product"}],"about":[{"href":"https:\/\/shop.kustom.ch\/fr\/wp-json\/wp\/v2\/types\/product"}],"wp:featuredmedia":[{"embeddable":true,"href":"https:\/\/shop.kustom.ch\/fr\/wp-json\/wp\/v2\/media\/507345"}],"wp:attachment":[{"href":"https:\/\/shop.kustom.ch\/fr\/wp-json\/wp\/v2\/media?parent=507316"}],"wp:term":[{"taxonomy":"product_brand","embeddable":true,"href":"https:\/\/shop.kustom.ch\/fr\/wp-json\/wp\/v2\/product_brand?post=507316"},{"taxonomy":"product_cat","embeddable":true,"href":"https:\/\/shop.kustom.ch\/fr\/wp-json\/wp\/v2\/product_cat?post=507316"},{"taxonomy":"product_tag","embeddable":true,"href":"https:\/\/shop.kustom.ch\/fr\/wp-json\/wp\/v2\/product_tag?post=507316"}],"curies":[{"name":"wp","href":"https:\/\/api.w.org\/{rel}","templated":true}]}}