{"id":507269,"date":"2025-01-25T00:18:45","date_gmt":"2025-01-24T23:18:45","guid":{"rendered":"https:\/\/shop.kustom.ch\/?post_type=product&#038;p=507269"},"modified":"2026-03-31T10:54:13","modified_gmt":"2026-03-31T09:54:13","slug":"woodlake-heights-woman","status":"publish","type":"product","link":"https:\/\/shop.kustom.ch\/fr\/produit\/woodlake-heights-woman\/","title":{"rendered":"Femme de Woodlake Heights"},"content":{"rendered":"<p>Veste d'hiver rembourr\u00e9e. Fermeture \u00e0 glissi\u00e8re invers\u00e9e \u00e9tanche sur le devant central et les poches lat\u00e9rales. Poches lat\u00e9rales termin\u00e9es avec la couture de la veste \u00e0 l'int\u00e9rieur, de sorte qu'elles peuvent \u00eatre utilis\u00e9es comme poches int\u00e9rieures. Fermeture r\u00e9glable par bouton-pression aux manches inf\u00e9rieures. Capuche r\u00e9glable avec cordons \u00e9lastiques sur les c\u00f4t\u00e9s, termin\u00e9e par une bande \u00e9lastique au niveau de la couture.<\/p>\n<p>Mat\u00e9riau : Shell : 100% Recycled PES, 230 g\/m\u00b2, coll\u00e9 avec une membrane PU, WP 3000\/ MVP 3000 (GRS approved).<br \/>\nPadding : 100% PES recycl\u00e9 Repreve padding (Bluesign)<\/p>","protected":false},"excerpt":{"rendered":"<p>Padded winter jacket. Reversed waterproof zipper at center front and side pockets. Side pockets finished together with the seam of the jacket on the inside, so they can be used as inner pockets as well. Adjustable press button closure at bottom sleeves. Hood adjustable with elastic cords on the sides, finished with an elastic tape [&hellip;]<\/p>\n","protected":false},"featured_media":507291,"template":"","meta":[],"product_brand":[],"product_cat":[4186],"product_tag":[],"class_list":{"0":"post-507269","1":"product","2":"type-product","3":"status-publish","4":"has-post-thumbnail","6":"product_cat-jacken","7":"pa_brand-harvest","8":"pa_brand-type-sportswear","9":"pa_filter-color-beige","10":"pa_filter-color-blau","11":"pa_filter-color-schwarz","13":"first","14":"instock","15":"sale","16":"taxable","17":"shipping-taxable","18":"purchasable","19":"product-type-variable","20":"add-to-wishlist-before_image"},"exclude_global_add_ons":[],"addons":[],"acf":[],"_links":{"self":[{"href":"https:\/\/shop.kustom.ch\/fr\/wp-json\/wp\/v2\/product\/507269"}],"collection":[{"href":"https:\/\/shop.kustom.ch\/fr\/wp-json\/wp\/v2\/product"}],"about":[{"href":"https:\/\/shop.kustom.ch\/fr\/wp-json\/wp\/v2\/types\/product"}],"wp:featuredmedia":[{"embeddable":true,"href":"https:\/\/shop.kustom.ch\/fr\/wp-json\/wp\/v2\/media\/507291"}],"wp:attachment":[{"href":"https:\/\/shop.kustom.ch\/fr\/wp-json\/wp\/v2\/media?parent=507269"}],"wp:term":[{"taxonomy":"product_brand","embeddable":true,"href":"https:\/\/shop.kustom.ch\/fr\/wp-json\/wp\/v2\/product_brand?post=507269"},{"taxonomy":"product_cat","embeddable":true,"href":"https:\/\/shop.kustom.ch\/fr\/wp-json\/wp\/v2\/product_cat?post=507269"},{"taxonomy":"product_tag","embeddable":true,"href":"https:\/\/shop.kustom.ch\/fr\/wp-json\/wp\/v2\/product_tag?post=507269"}],"curies":[{"name":"wp","href":"https:\/\/api.w.org\/{rel}","templated":true}]}}