{"id":507201,"date":"2025-01-25T00:18:28","date_gmt":"2025-01-24T23:18:28","guid":{"rendered":"https:\/\/shop.kustom.ch\/?post_type=product&#038;p=507201"},"modified":"2026-03-31T10:36:10","modified_gmt":"2026-03-31T09:36:10","slug":"woodlake-heights-vest","status":"publish","type":"product","link":"https:\/\/shop.kustom.ch\/fr\/produit\/woodlake-heights-vest\/","title":{"rendered":"Gilet Woodlake Heights"},"content":{"rendered":"<p>Gilet d'hiver rembourr\u00e9. Fermeture \u00e9clair \u00e9tanche \u00e0 l'avant au milieu et poches lat\u00e9rales. Poches lat\u00e9rales et poches int\u00e9rieures doubl\u00e9es. Capuche r\u00e9glable par cordons \u00e9lastiques sur les c\u00f4t\u00e9s, termin\u00e9e par une bande \u00e9lastique sur la couture. Cet article est livr\u00e9 dans un polybag compostable.<\/p>\n<p>Mat\u00e9riau : Ext\u00e9rieur : 100% polyester recycl\u00e9, 230 g\/m\u00b2, associ\u00e9 \u00e0 un tissu interlock tricot\u00e9, WP 3000\/ MVP 3000 ; Rembourrage : Repreve en polyester recycl\u00e9 100%<\/p>","protected":false},"excerpt":{"rendered":"<p>Gepolsterte Winterweste. Wasserdichter Reissverschluss vorne in der Mitte und Seitentaschen. Seitentaschen und Innentaschen gef\u00fcttert. Kapuze mit elastischen Kordeln an den Seiten verstellbar, abgeschlossen mit einem elastischen Band an der Naht. Dieser Artikel wird in einer kompostierbaren Polybag geliefert. Material: Obermaterial: 100% Recycling-Polyester, 230 g\/m\u00b2, verbunden mit einem gestrickten Interlock-Gewebe, WP 3000\/ MVP 3000 ; Polsterung: [&hellip;]<\/p>\n","protected":false},"featured_media":507244,"template":"","meta":[],"product_brand":[],"product_cat":[4186],"product_tag":[],"class_list":{"0":"post-507201","1":"product","2":"type-product","3":"status-publish","4":"has-post-thumbnail","6":"product_cat-jacken","7":"pa_brand-harvest","8":"pa_brand-type-sportswear","9":"pa_filter-color-blau","10":"pa_filter-color-gruen","11":"pa_filter-color-schwarz","13":"first","14":"instock","15":"sale","16":"taxable","17":"shipping-taxable","18":"purchasable","19":"product-type-variable","20":"add-to-wishlist-before_image"},"exclude_global_add_ons":[],"addons":[],"acf":[],"_links":{"self":[{"href":"https:\/\/shop.kustom.ch\/fr\/wp-json\/wp\/v2\/product\/507201"}],"collection":[{"href":"https:\/\/shop.kustom.ch\/fr\/wp-json\/wp\/v2\/product"}],"about":[{"href":"https:\/\/shop.kustom.ch\/fr\/wp-json\/wp\/v2\/types\/product"}],"wp:featuredmedia":[{"embeddable":true,"href":"https:\/\/shop.kustom.ch\/fr\/wp-json\/wp\/v2\/media\/507244"}],"wp:attachment":[{"href":"https:\/\/shop.kustom.ch\/fr\/wp-json\/wp\/v2\/media?parent=507201"}],"wp:term":[{"taxonomy":"product_brand","embeddable":true,"href":"https:\/\/shop.kustom.ch\/fr\/wp-json\/wp\/v2\/product_brand?post=507201"},{"taxonomy":"product_cat","embeddable":true,"href":"https:\/\/shop.kustom.ch\/fr\/wp-json\/wp\/v2\/product_cat?post=507201"},{"taxonomy":"product_tag","embeddable":true,"href":"https:\/\/shop.kustom.ch\/fr\/wp-json\/wp\/v2\/product_tag?post=507201"}],"curies":[{"name":"wp","href":"https:\/\/api.w.org\/{rel}","templated":true}]}}