{"id":506994,"date":"2025-01-25T00:17:26","date_gmt":"2025-01-24T23:17:26","guid":{"rendered":"https:\/\/shop.kustom.ch\/?post_type=product&#038;p=506994"},"modified":"2026-03-31T10:46:12","modified_gmt":"2026-03-31T09:46:12","slug":"whailford","status":"publish","type":"product","link":"https:\/\/shop.kustom.ch\/fr\/produit\/whailford\/","title":{"rendered":"WHAILFORD"},"content":{"rendered":"<p>T-shirt moderne avec col en V en fil slub tr\u00e8s tendance pour un effet m\u00e9lang\u00e9 sp\u00e9cial.<\/p>\n<p>Mati\u00e8re : 100% coton, 160 g\/m\u00b2.<\/p>","protected":false},"excerpt":{"rendered":"<p>Modernes T-Shirt mit V-Neck aus trendigem Slub Garn f\u00fcr einen speziellen Melange Effekt. Material: 100% Baumwolle, 160 g\/m\u00b2<\/p>","protected":false},"featured_media":507054,"template":"","meta":[],"product_brand":[],"product_cat":[4201],"product_tag":[],"class_list":{"0":"post-506994","1":"product","2":"type-product","3":"status-publish","4":"has-post-thumbnail","6":"product_cat-t-shirts","7":"pa_brand-harvest","8":"pa_brand-type-sportswear","9":"pa_filter-color-blau","10":"pa_filter-color-grau","11":"pa_filter-color-gruen","12":"pa_filter-color-pink","13":"pa_filter-color-schwarz","14":"pa_filter-color-weiss","16":"first","17":"instock","18":"sale","19":"taxable","20":"shipping-taxable","21":"purchasable","22":"product-type-variable","23":"add-to-wishlist-before_image"},"exclude_global_add_ons":[],"addons":[],"acf":[],"_links":{"self":[{"href":"https:\/\/shop.kustom.ch\/fr\/wp-json\/wp\/v2\/product\/506994"}],"collection":[{"href":"https:\/\/shop.kustom.ch\/fr\/wp-json\/wp\/v2\/product"}],"about":[{"href":"https:\/\/shop.kustom.ch\/fr\/wp-json\/wp\/v2\/types\/product"}],"wp:featuredmedia":[{"embeddable":true,"href":"https:\/\/shop.kustom.ch\/fr\/wp-json\/wp\/v2\/media\/507054"}],"wp:attachment":[{"href":"https:\/\/shop.kustom.ch\/fr\/wp-json\/wp\/v2\/media?parent=506994"}],"wp:term":[{"taxonomy":"product_brand","embeddable":true,"href":"https:\/\/shop.kustom.ch\/fr\/wp-json\/wp\/v2\/product_brand?post=506994"},{"taxonomy":"product_cat","embeddable":true,"href":"https:\/\/shop.kustom.ch\/fr\/wp-json\/wp\/v2\/product_cat?post=506994"},{"taxonomy":"product_tag","embeddable":true,"href":"https:\/\/shop.kustom.ch\/fr\/wp-json\/wp\/v2\/product_tag?post=506994"}],"curies":[{"name":"wp","href":"https:\/\/api.w.org\/{rel}","templated":true}]}}