{"id":506992,"date":"2025-01-25T00:17:19","date_gmt":"2025-01-24T23:17:19","guid":{"rendered":"https:\/\/shop.kustom.ch\/produkt\/westwood-heights\/"},"modified":"2026-03-31T10:49:21","modified_gmt":"2026-03-31T09:49:21","slug":"westwood-heights","status":"publish","type":"product","link":"https:\/\/shop.kustom.ch\/fr\/produit\/westwood-heights\/","title":{"rendered":"Westwood Heights"},"content":{"rendered":"<p>Sweat \u00e0 capuche avec fermeture \u00e9clair \u00e0 membrane Nano de couleur contrast\u00e9e sur toute la longueur \u00e0 l'avant et sur les poches lat\u00e9rales, demi-lune dans la nuque. Cordons de serrage ton sur ton avec pointe \u00e0 bille en caoutchouc \u00e0 l'extr\u00e9mit\u00e9. Finitions c\u00f4tel\u00e9es aux manches et \u00e0 l'ourlet. Certifi\u00e9 Oeko-Tex 100.<\/p>\n<p>Mati\u00e8re : 85% coton organique, 15% polyester recycl\u00e9, 300g\/m2<\/p>","protected":false},"excerpt":{"rendered":"<p>Kapuzenpullover mit durchgehendem, kontrastfarbigem Nano-Membran Reissverschluss vorne und an den Seitentaschen, Halbmond im Nacken. Ton in Ton Kordelz\u00fcge mit Gummikugelspitze am Ende. Gerippte Abschl\u00fcsse an \u00c4rmeln und Saum. Oeko-Tex 100 zertifiziert. Material: 85% Organic Baumwolle, 15% Recyled Polyester, 300g\/m2<\/p>","protected":false},"featured_media":506991,"template":"","meta":[],"product_brand":[],"product_cat":[4191],"product_tag":[],"class_list":{"0":"post-506992","1":"product","2":"type-product","3":"status-publish","4":"has-post-thumbnail","6":"product_cat-longsleeves-sweatshirts","7":"pa_brand-harvest","8":"pa_brand-type-sportswear","9":"pa_filter-color-blau","10":"pa_filter-color-grau","11":"pa_filter-color-gruen","12":"pa_filter-color-schwarz","14":"first","15":"instock","16":"sale","17":"taxable","18":"shipping-taxable","19":"purchasable","20":"product-type-variable","21":"add-to-wishlist-before_image"},"exclude_global_add_ons":[],"addons":[],"acf":[],"_links":{"self":[{"href":"https:\/\/shop.kustom.ch\/fr\/wp-json\/wp\/v2\/product\/506992"}],"collection":[{"href":"https:\/\/shop.kustom.ch\/fr\/wp-json\/wp\/v2\/product"}],"about":[{"href":"https:\/\/shop.kustom.ch\/fr\/wp-json\/wp\/v2\/types\/product"}],"wp:featuredmedia":[{"embeddable":true,"href":"https:\/\/shop.kustom.ch\/fr\/wp-json\/wp\/v2\/media\/506991"}],"wp:attachment":[{"href":"https:\/\/shop.kustom.ch\/fr\/wp-json\/wp\/v2\/media?parent=506992"}],"wp:term":[{"taxonomy":"product_brand","embeddable":true,"href":"https:\/\/shop.kustom.ch\/fr\/wp-json\/wp\/v2\/product_brand?post=506992"},{"taxonomy":"product_cat","embeddable":true,"href":"https:\/\/shop.kustom.ch\/fr\/wp-json\/wp\/v2\/product_cat?post=506992"},{"taxonomy":"product_tag","embeddable":true,"href":"https:\/\/shop.kustom.ch\/fr\/wp-json\/wp\/v2\/product_tag?post=506992"}],"curies":[{"name":"wp","href":"https:\/\/api.w.org\/{rel}","templated":true}]}}