{"id":506925,"date":"2025-01-25T00:17:01","date_gmt":"2025-01-24T23:17:01","guid":{"rendered":"https:\/\/shop.kustom.ch\/?post_type=product&#038;p=506925"},"modified":"2026-03-31T10:48:49","modified_gmt":"2026-03-31T09:48:49","slug":"walcott-woman","status":"publish","type":"product","link":"https:\/\/shop.kustom.ch\/fr\/produit\/walcott-woman\/","title":{"rendered":"Femme Walcott"},"content":{"rendered":"<p>T-shirt \u00e0 col rond en jersey simple. La poche de poitrine est de couleur contrast\u00e9e. Livr\u00e9 dans un polybag biosourc\u00e9 et compostable.<\/p>\n<p>Mati\u00e8re : 100% coton organique, 180 g\/m\u00b2.<\/p>","protected":false},"excerpt":{"rendered":"<p>Rundhals-T-Shirt aus Single-Jersey. Die Brusttasche ist in Kontrastfarbe. Geliefert in einem biobasierten, kompostierbaren Polybag. Material: 100% Organic Baumwolle, 180 g\/m\u00b2<\/p>","protected":false},"featured_media":506956,"template":"","meta":[],"product_brand":[],"product_cat":[4201],"product_tag":[],"class_list":{"0":"post-506925","1":"product","2":"type-product","3":"status-publish","4":"has-post-thumbnail","6":"product_cat-t-shirts","7":"pa_brand-harvest","8":"pa_brand-type-sportswear","9":"pa_filter-color-blau","10":"pa_filter-color-gruen","11":"pa_filter-color-schwarz","13":"first","14":"instock","15":"sale","16":"taxable","17":"shipping-taxable","18":"purchasable","19":"product-type-variable","20":"add-to-wishlist-before_image"},"exclude_global_add_ons":[],"addons":[],"acf":[],"_links":{"self":[{"href":"https:\/\/shop.kustom.ch\/fr\/wp-json\/wp\/v2\/product\/506925"}],"collection":[{"href":"https:\/\/shop.kustom.ch\/fr\/wp-json\/wp\/v2\/product"}],"about":[{"href":"https:\/\/shop.kustom.ch\/fr\/wp-json\/wp\/v2\/types\/product"}],"wp:featuredmedia":[{"embeddable":true,"href":"https:\/\/shop.kustom.ch\/fr\/wp-json\/wp\/v2\/media\/506956"}],"wp:attachment":[{"href":"https:\/\/shop.kustom.ch\/fr\/wp-json\/wp\/v2\/media?parent=506925"}],"wp:term":[{"taxonomy":"product_brand","embeddable":true,"href":"https:\/\/shop.kustom.ch\/fr\/wp-json\/wp\/v2\/product_brand?post=506925"},{"taxonomy":"product_cat","embeddable":true,"href":"https:\/\/shop.kustom.ch\/fr\/wp-json\/wp\/v2\/product_cat?post=506925"},{"taxonomy":"product_tag","embeddable":true,"href":"https:\/\/shop.kustom.ch\/fr\/wp-json\/wp\/v2\/product_tag?post=506925"}],"curies":[{"name":"wp","href":"https:\/\/api.w.org\/{rel}","templated":true}]}}