{"id":506720,"date":"2025-01-25T00:15:55","date_gmt":"2025-01-24T23:15:55","guid":{"rendered":"https:\/\/shop.kustom.ch\/?post_type=product&#038;p=506720"},"modified":"2026-03-31T10:56:00","modified_gmt":"2026-03-31T09:56:00","slug":"treemore-shirt-ladies","status":"publish","type":"product","link":"https:\/\/shop.kustom.ch\/fr\/produit\/treemore-shirt-ladies\/","title":{"rendered":"Treemore Shirt Ladies"},"content":{"rendered":"<p>Chemise en twill dans une coupe denim classique. \u00c9paules occidentales et poches avec rabats. Col souple, poignets r\u00e9glables et ourlet arrondi. Lavage aux enzymes.<\/p>\n<p>Mati\u00e8re : 100% coton 150g\/m\u00b2.<\/p>","protected":false},"excerpt":{"rendered":"<p>Hemd aus K\u00f6perstoff im klassischen Denim Schnitt. Western Schultern und Taschen mit Klappen. Weicher Kragen, verstellbare \u00c4rmelb\u00fcndchen und abgerundeter Saum. Enzym gewaschen. Material: 100% Baumwolle 150g\/m\u00b2<\/p>","protected":false},"featured_media":506772,"template":"","meta":[],"product_brand":[],"product_cat":[9895],"product_tag":[],"class_list":{"0":"post-506720","1":"product","2":"type-product","3":"status-publish","4":"has-post-thumbnail","6":"product_cat-blusen","7":"pa_brand-harvest","8":"pa_brand-type-sportswear","9":"pa_filter-color-blau","10":"pa_filter-color-schwarz","12":"first","13":"instock","14":"sale","15":"taxable","16":"shipping-taxable","17":"purchasable","18":"product-type-variable","19":"add-to-wishlist-before_image"},"exclude_global_add_ons":[],"addons":[],"acf":[],"_links":{"self":[{"href":"https:\/\/shop.kustom.ch\/fr\/wp-json\/wp\/v2\/product\/506720"}],"collection":[{"href":"https:\/\/shop.kustom.ch\/fr\/wp-json\/wp\/v2\/product"}],"about":[{"href":"https:\/\/shop.kustom.ch\/fr\/wp-json\/wp\/v2\/types\/product"}],"wp:featuredmedia":[{"embeddable":true,"href":"https:\/\/shop.kustom.ch\/fr\/wp-json\/wp\/v2\/media\/506772"}],"wp:attachment":[{"href":"https:\/\/shop.kustom.ch\/fr\/wp-json\/wp\/v2\/media?parent=506720"}],"wp:term":[{"taxonomy":"product_brand","embeddable":true,"href":"https:\/\/shop.kustom.ch\/fr\/wp-json\/wp\/v2\/product_brand?post=506720"},{"taxonomy":"product_cat","embeddable":true,"href":"https:\/\/shop.kustom.ch\/fr\/wp-json\/wp\/v2\/product_cat?post=506720"},{"taxonomy":"product_tag","embeddable":true,"href":"https:\/\/shop.kustom.ch\/fr\/wp-json\/wp\/v2\/product_tag?post=506720"}],"curies":[{"name":"wp","href":"https:\/\/api.w.org\/{rel}","templated":true}]}}