{"id":506718,"date":"2025-01-25T00:15:54","date_gmt":"2025-01-24T23:15:54","guid":{"rendered":"https:\/\/shop.kustom.ch\/?post_type=product&#038;p=506718"},"modified":"2026-03-31T10:47:28","modified_gmt":"2026-03-31T09:47:28","slug":"townsend-woman","status":"publish","type":"product","link":"https:\/\/shop.kustom.ch\/fr\/produit\/townsend-woman\/","title":{"rendered":"Femme Townsend"},"content":{"rendered":"<p>Chemise en lin avec col Mao et manchettes r\u00e9glables aux poignets. Boutons en look perle. Tissu contrast\u00e9 \u00e0 l'int\u00e9rieur, fil teint.<\/p>\n<p>Mati\u00e8re : 74% coton, 26% lin, 125 g\/m\u00b2.<\/p>","protected":false},"excerpt":{"rendered":"<p>Leinenhemd mit Mao-Kragen und verstellbaren Manschetten an den \u00c4rmeln. Perlenlook Kn\u00f6pfe. Kontraststoff an der Innenseite, gef\u00e4rbter Garn. Material: 74% cotton, 26% linen, 125 g\/m\u00b2<\/p>","protected":false},"featured_media":506745,"template":"","meta":[],"product_brand":[],"product_cat":[9895],"product_tag":[],"class_list":{"0":"post-506718","1":"product","2":"type-product","3":"status-publish","4":"has-post-thumbnail","6":"product_cat-blusen","7":"pa_brand-harvest","8":"pa_brand-type-sportswear","9":"pa_filter-color-blau","10":"pa_filter-color-weiss","12":"first","13":"instock","14":"sale","15":"taxable","16":"shipping-taxable","17":"purchasable","18":"product-type-variable","19":"add-to-wishlist-before_image"},"exclude_global_add_ons":[],"addons":[],"acf":[],"_links":{"self":[{"href":"https:\/\/shop.kustom.ch\/fr\/wp-json\/wp\/v2\/product\/506718"}],"collection":[{"href":"https:\/\/shop.kustom.ch\/fr\/wp-json\/wp\/v2\/product"}],"about":[{"href":"https:\/\/shop.kustom.ch\/fr\/wp-json\/wp\/v2\/types\/product"}],"wp:featuredmedia":[{"embeddable":true,"href":"https:\/\/shop.kustom.ch\/fr\/wp-json\/wp\/v2\/media\/506745"}],"wp:attachment":[{"href":"https:\/\/shop.kustom.ch\/fr\/wp-json\/wp\/v2\/media?parent=506718"}],"wp:term":[{"taxonomy":"product_brand","embeddable":true,"href":"https:\/\/shop.kustom.ch\/fr\/wp-json\/wp\/v2\/product_brand?post=506718"},{"taxonomy":"product_cat","embeddable":true,"href":"https:\/\/shop.kustom.ch\/fr\/wp-json\/wp\/v2\/product_cat?post=506718"},{"taxonomy":"product_tag","embeddable":true,"href":"https:\/\/shop.kustom.ch\/fr\/wp-json\/wp\/v2\/product_tag?post=506718"}],"curies":[{"name":"wp","href":"https:\/\/api.w.org\/{rel}","templated":true}]}}