{"id":506579,"date":"2025-01-25T00:15:18","date_gmt":"2025-01-24T23:15:18","guid":{"rendered":"https:\/\/shop.kustom.ch\/?post_type=product&#038;p=506579"},"modified":"2026-03-31T10:47:24","modified_gmt":"2026-03-31T09:47:24","slug":"sunset-regular","status":"publish","type":"product","link":"https:\/\/shop.kustom.ch\/fr\/produit\/sunset-regular\/","title":{"rendered":"Sunset Regular"},"content":{"rendered":"<p>Polo avec fentes lat\u00e9rales et boutons assortis, fabriqu\u00e9 dans une mati\u00e8re agr\u00e9able en coton\/Lycra\u00ae. Le Sunset est disponible en trois coupes styl\u00e9es : Regular, Modern et une coupe cintr\u00e9e pour femmes.<\/p>\n<p>Mati\u00e8re : 95% coton peign\u00e9, 5% Lycra\u00ae, 200 g\/m\u00b2.<\/p>","protected":false},"excerpt":{"rendered":"<p>Polo Shirt mit Seitenschlitzen und passenden Kn\u00f6pfen aus einem angenehmen Baumwoll\/Lycra\u00ae Material. Das Sunset ist in drei stylischen Schnitten erh\u00e4ltlich: Regular, Modern und als taillierten Damenschnitt. Material: 95% gek\u00e4mmte Baumwolle, 5% Lycra\u00ae, 200 g\/m\u00b2<\/p>","protected":false},"featured_media":506596,"template":"","meta":[],"product_brand":[],"product_cat":[4193],"product_tag":[],"class_list":{"0":"post-506579","1":"product","2":"type-product","3":"status-publish","4":"has-post-thumbnail","6":"product_cat-polos","7":"pa_brand-harvest","8":"pa_brand-type-sportswear","9":"pa_filter-color-blau","10":"pa_filter-color-gruen","11":"pa_filter-color-orange","12":"pa_filter-color-pink","13":"pa_filter-color-rot","14":"pa_filter-color-schwarz","15":"pa_filter-color-weiss","17":"first","18":"instock","19":"sale","20":"taxable","21":"shipping-taxable","22":"purchasable","23":"product-type-variable","24":"add-to-wishlist-before_image"},"exclude_global_add_ons":[],"addons":[],"acf":[],"_links":{"self":[{"href":"https:\/\/shop.kustom.ch\/fr\/wp-json\/wp\/v2\/product\/506579"}],"collection":[{"href":"https:\/\/shop.kustom.ch\/fr\/wp-json\/wp\/v2\/product"}],"about":[{"href":"https:\/\/shop.kustom.ch\/fr\/wp-json\/wp\/v2\/types\/product"}],"wp:featuredmedia":[{"embeddable":true,"href":"https:\/\/shop.kustom.ch\/fr\/wp-json\/wp\/v2\/media\/506596"}],"wp:attachment":[{"href":"https:\/\/shop.kustom.ch\/fr\/wp-json\/wp\/v2\/media?parent=506579"}],"wp:term":[{"taxonomy":"product_brand","embeddable":true,"href":"https:\/\/shop.kustom.ch\/fr\/wp-json\/wp\/v2\/product_brand?post=506579"},{"taxonomy":"product_cat","embeddable":true,"href":"https:\/\/shop.kustom.ch\/fr\/wp-json\/wp\/v2\/product_cat?post=506579"},{"taxonomy":"product_tag","embeddable":true,"href":"https:\/\/shop.kustom.ch\/fr\/wp-json\/wp\/v2\/product_tag?post=506579"}],"curies":[{"name":"wp","href":"https:\/\/api.w.org\/{rel}","templated":true}]}}