{"id":506328,"date":"2025-01-25T00:13:30","date_gmt":"2025-01-24T23:13:30","guid":{"rendered":"https:\/\/shop.kustom.ch\/?post_type=product&#038;p=506328"},"modified":"2026-03-31T10:51:03","modified_gmt":"2026-03-31T09:51:03","slug":"rich-hill-woman","status":"publish","type":"product","link":"https:\/\/shop.kustom.ch\/fr\/produit\/rich-hill-woman\/","title":{"rendered":"Femme de Rich Hill"},"content":{"rendered":"<p>Veste polaire tricot\u00e9e lourde, aspect m\u00e9lang\u00e9, avec coutures d\u00e9coratives et fermeture \u00e9clair de couleur contrast\u00e9e. Poches avant plaqu\u00e9es avec fermetures \u00e0 glissi\u00e8re. Int\u00e9rieur bross\u00e9 pour un confort optimal. Trait\u00e9 anti-boulochage. Poignets et taille \u00e9lastiques.<\/p>\n<p>Mati\u00e8re : polyester 100%, 320 g\/m\u00b2.<\/p>","protected":false},"excerpt":{"rendered":"<p>Schwere gestrickte Fleecejacke in Melange Optik mit Ziern\u00e4hten und Reissverschluss in Kontrastfarbe. Aufgesetzte Vordertaschen mit Reissverschlu\u0308ssen. Innen gebu\u0308rstet fu\u0308r ein angenehmes Tragegefu\u0308hl. Antipilling behandelt. Elastische B\u00fcnchen an \u00c4rmelabschluss und Bund. Material: 100% Polyester, 320 g\/m\u00b2<\/p>","protected":false},"featured_media":506374,"template":"","meta":[],"product_brand":[],"product_cat":[4184],"product_tag":[],"class_list":{"0":"post-506328","1":"product","2":"type-product","3":"status-publish","4":"has-post-thumbnail","6":"product_cat-hoodies-pullover","7":"pa_brand-harvest","8":"pa_brand-type-sportswear","9":"pa_filter-color-blau","10":"pa_filter-color-grau","12":"first","13":"instock","14":"sale","15":"taxable","16":"shipping-taxable","17":"purchasable","18":"product-type-variable","19":"add-to-wishlist-before_image"},"exclude_global_add_ons":[],"addons":[],"acf":[],"_links":{"self":[{"href":"https:\/\/shop.kustom.ch\/fr\/wp-json\/wp\/v2\/product\/506328"}],"collection":[{"href":"https:\/\/shop.kustom.ch\/fr\/wp-json\/wp\/v2\/product"}],"about":[{"href":"https:\/\/shop.kustom.ch\/fr\/wp-json\/wp\/v2\/types\/product"}],"wp:featuredmedia":[{"embeddable":true,"href":"https:\/\/shop.kustom.ch\/fr\/wp-json\/wp\/v2\/media\/506374"}],"wp:attachment":[{"href":"https:\/\/shop.kustom.ch\/fr\/wp-json\/wp\/v2\/media?parent=506328"}],"wp:term":[{"taxonomy":"product_brand","embeddable":true,"href":"https:\/\/shop.kustom.ch\/fr\/wp-json\/wp\/v2\/product_brand?post=506328"},{"taxonomy":"product_cat","embeddable":true,"href":"https:\/\/shop.kustom.ch\/fr\/wp-json\/wp\/v2\/product_cat?post=506328"},{"taxonomy":"product_tag","embeddable":true,"href":"https:\/\/shop.kustom.ch\/fr\/wp-json\/wp\/v2\/product_tag?post=506328"}],"curies":[{"name":"wp","href":"https:\/\/api.w.org\/{rel}","templated":true}]}}