{"id":506190,"date":"2025-01-25T00:12:42","date_gmt":"2025-01-24T23:12:42","guid":{"rendered":"https:\/\/shop.kustom.ch\/?post_type=product&#038;p=506190"},"modified":"2026-03-31T10:49:10","modified_gmt":"2026-03-31T09:49:10","slug":"pinedale-woman","status":"publish","type":"product","link":"https:\/\/shop.kustom.ch\/fr\/produit\/pinedale-woman\/","title":{"rendered":"Femme de Pinedale"},"content":{"rendered":"<p>Polo piqu\u00e9 avec poche poitrine, col c\u00f4tel\u00e9 et extr\u00e9mit\u00e9s des manches de couleur contrast\u00e9e. Boutons ton sur ton. Nouvelle coupe. Livr\u00e9 dans un polybag biosourc\u00e9 et compostable.<\/p>\n<p>Mati\u00e8re : 60% coton biologique, 40% polyester recycl\u00e9, 200 g\/m\u00b2.<\/p>","protected":false},"excerpt":{"rendered":"<p>Piqu\u00e9-Polo mit Brusttasche, geripptem Kragen und \u00c4rmelabschl\u00fcssen in Kontrastfarbe. Ton in Ton gehaltene Kn\u00f6pfe. Neue Passform. Wird in einem biobasierten, kompostierbaren Polybag geliefert. Material: 60% Bio-Baumwolle, 40% Recycling-Polyester, 200 g\/m\u00b2<\/p>","protected":false},"featured_media":506220,"template":"","meta":[],"product_brand":[],"product_cat":[4193],"product_tag":[],"class_list":{"0":"post-506190","1":"product","2":"type-product","3":"status-publish","4":"has-post-thumbnail","6":"product_cat-polos","7":"pa_brand-harvest","8":"pa_brand-type-sportswear","9":"pa_filter-color-blau","10":"pa_filter-color-gruen","11":"pa_filter-color-schwarz","13":"first","14":"instock","15":"sale","16":"taxable","17":"shipping-taxable","18":"purchasable","19":"product-type-variable","20":"add-to-wishlist-before_image"},"exclude_global_add_ons":[],"addons":[],"acf":[],"_links":{"self":[{"href":"https:\/\/shop.kustom.ch\/fr\/wp-json\/wp\/v2\/product\/506190"}],"collection":[{"href":"https:\/\/shop.kustom.ch\/fr\/wp-json\/wp\/v2\/product"}],"about":[{"href":"https:\/\/shop.kustom.ch\/fr\/wp-json\/wp\/v2\/types\/product"}],"wp:featuredmedia":[{"embeddable":true,"href":"https:\/\/shop.kustom.ch\/fr\/wp-json\/wp\/v2\/media\/506220"}],"wp:attachment":[{"href":"https:\/\/shop.kustom.ch\/fr\/wp-json\/wp\/v2\/media?parent=506190"}],"wp:term":[{"taxonomy":"product_brand","embeddable":true,"href":"https:\/\/shop.kustom.ch\/fr\/wp-json\/wp\/v2\/product_brand?post=506190"},{"taxonomy":"product_cat","embeddable":true,"href":"https:\/\/shop.kustom.ch\/fr\/wp-json\/wp\/v2\/product_cat?post=506190"},{"taxonomy":"product_tag","embeddable":true,"href":"https:\/\/shop.kustom.ch\/fr\/wp-json\/wp\/v2\/product_tag?post=506190"}],"curies":[{"name":"wp","href":"https:\/\/api.w.org\/{rel}","templated":true}]}}