{"id":505668,"date":"2025-01-25T00:10:52","date_gmt":"2025-01-24T23:10:52","guid":{"rendered":"https:\/\/shop.kustom.ch\/?post_type=product&#038;p=505668"},"modified":"2026-03-31T10:37:58","modified_gmt":"2026-03-31T09:37:58","slug":"northville","status":"publish","type":"product","link":"https:\/\/shop.kustom.ch\/fr\/produit\/northville\/","title":{"rendered":"Northville"},"content":{"rendered":"<p>Veste shell bicolore avec coutures coll\u00e9es. Fermeture \u00e0 glissi\u00e8re \u00e9tanche et poches lat\u00e9rales couvertes avec fermeture \u00e0 glissi\u00e8re. Manches avec fermeture velcro r\u00e9glable. Doublure int\u00e9rieure en mesh avec poche int\u00e9rieure gauche et fermeture \u00e9clair de finition. D\u00e9tail r\u00e9fl\u00e9chissant au dos. Capuche et ourlet avec cordons \u00e9lastiques.<br \/>\nr\u00e9glable.<\/p>\n<p>Mati\u00e8re : Ext\u00e9rieur : 50% polyester, 50% polyester recycl\u00e9, WP 5000\/ MVP 5000. Co Bionic-Finish eco hydrofuge finish. Rev\u00eatement : 100% Polyester Mesh. Doublure de manche : 100% Polyester recycl\u00e9<\/p>","protected":false},"excerpt":{"rendered":"<p>Zweifarbige Shell Jacke mit geklebten N\u00e4hten.Wasserdichter Reissverschluss und abgedeckte Seitentaschen mit Reissverschluss. \u00c4rmel mit verstellbarem Klettverschluss. Mesh Innenfutter mit linker Innentasche und Veredelungsreissverschluss. Reflektierendes Detail am R\u00fccken. Kapuze und Saum sind mit elastischen Kordeln verstellbar. Material: Aussenmaterialshell : 50% Polyester, 50% Reycling-Polyester, WP 5000\/ MVP 5000. Co Bionic-Finish eco wasserabweisended finish. Beschichtung : 100% Polyester [&hellip;]<\/p>\n","protected":false},"featured_media":505680,"template":"","meta":[],"product_brand":[],"product_cat":[4186],"product_tag":[],"class_list":{"0":"post-505668","1":"product","2":"type-product","3":"status-publish","4":"has-post-thumbnail","6":"product_cat-jacken","7":"pa_brand-harvest","8":"pa_brand-type-sportswear","9":"pa_filter-color-blau","10":"pa_filter-color-gruen","11":"pa_filter-color-schwarz","13":"first","14":"instock","15":"sale","16":"taxable","17":"shipping-taxable","18":"purchasable","19":"product-type-variable","20":"add-to-wishlist-before_image"},"exclude_global_add_ons":[],"addons":[],"acf":[],"_links":{"self":[{"href":"https:\/\/shop.kustom.ch\/fr\/wp-json\/wp\/v2\/product\/505668"}],"collection":[{"href":"https:\/\/shop.kustom.ch\/fr\/wp-json\/wp\/v2\/product"}],"about":[{"href":"https:\/\/shop.kustom.ch\/fr\/wp-json\/wp\/v2\/types\/product"}],"wp:featuredmedia":[{"embeddable":true,"href":"https:\/\/shop.kustom.ch\/fr\/wp-json\/wp\/v2\/media\/505680"}],"wp:attachment":[{"href":"https:\/\/shop.kustom.ch\/fr\/wp-json\/wp\/v2\/media?parent=505668"}],"wp:term":[{"taxonomy":"product_brand","embeddable":true,"href":"https:\/\/shop.kustom.ch\/fr\/wp-json\/wp\/v2\/product_brand?post=505668"},{"taxonomy":"product_cat","embeddable":true,"href":"https:\/\/shop.kustom.ch\/fr\/wp-json\/wp\/v2\/product_cat?post=505668"},{"taxonomy":"product_tag","embeddable":true,"href":"https:\/\/shop.kustom.ch\/fr\/wp-json\/wp\/v2\/product_tag?post=505668"}],"curies":[{"name":"wp","href":"https:\/\/api.w.org\/{rel}","templated":true}]}}