{"id":505599,"date":"2025-01-25T00:10:27","date_gmt":"2025-01-24T23:10:27","guid":{"rendered":"https:\/\/shop.kustom.ch\/?post_type=product&#038;p=505599"},"modified":"2026-03-31T10:36:58","modified_gmt":"2026-03-31T09:36:58","slug":"nordmont","status":"publish","type":"product","link":"https:\/\/shop.kustom.ch\/fr\/produit\/nordmont\/","title":{"rendered":"Nordmont"},"content":{"rendered":"<p>Manteau matelass\u00e9 plus long avec fermeture \u00e9clair \u00e0 double sens. Capuche amovible r\u00e9glable par cordon de serrage. Bords c\u00f4tel\u00e9s au col et aux manches. Deux poches lat\u00e9rales avec fermeture \u00e0 glissi\u00e8re. Poche poitrine int\u00e9rieure avec fermeture \u00e0 glissi\u00e8re. Tissu tricot\u00e9 doux dans les poches lat\u00e9rales. Emball\u00e9 dans un polybag biosourc\u00e9 et compostable.<\/p>\n<p>Mati\u00e8re : ext\u00e9rieur : 100% polyester recycl\u00e9, 67 g\/m\u00b2 ; rembourrage : 100 % polyester recycl\u00e9, 160 g\/m\u00b2 dans le corps, 140 g\/m\u00b2 dans les manches ; doublure : 100% polyester recycl\u00e9, 35 g\/m<\/p>","protected":false},"excerpt":{"rendered":"<p>L\u00e4ngerer wattierter Mantel mit Zweiwege-Reiverschluss. Abnehmbare Kapuze mit Kordelzug verstellbar. Rippenb\u00fcndchen am Kragen an der \u00c4rmeln. Zwei Seitentaschen mit Reissverschluss. Innere Brusttasche mit Reissverschluss. Weicher gestrickter Stoff in den Seitentaschen. Verpackt in einer biobasierten, kompostierbaren Polybag. Material: Obermaterial: 100% Recycling-Polyester, 67 g\/m\u00b2; Wattierung: 100 % Recycling-Polyester, 160 g\/m\u00b2 im K\u00f6rper, 140 g\/m\u00b2 in den \u00c4rmeln; [&hellip;]<\/p>\n","protected":false},"featured_media":505605,"template":"","meta":[],"product_brand":[],"product_cat":[4186],"product_tag":[],"class_list":{"0":"post-505599","1":"product","2":"type-product","3":"status-publish","4":"has-post-thumbnail","6":"product_cat-jacken","7":"pa_brand-harvest","8":"pa_brand-type-sportswear","9":"pa_filter-color-blau","10":"pa_filter-color-schwarz","12":"first","13":"instock","14":"sale","15":"taxable","16":"shipping-taxable","17":"purchasable","18":"product-type-variable","19":"add-to-wishlist-before_image"},"exclude_global_add_ons":[],"addons":[],"acf":[],"_links":{"self":[{"href":"https:\/\/shop.kustom.ch\/fr\/wp-json\/wp\/v2\/product\/505599"}],"collection":[{"href":"https:\/\/shop.kustom.ch\/fr\/wp-json\/wp\/v2\/product"}],"about":[{"href":"https:\/\/shop.kustom.ch\/fr\/wp-json\/wp\/v2\/types\/product"}],"wp:featuredmedia":[{"embeddable":true,"href":"https:\/\/shop.kustom.ch\/fr\/wp-json\/wp\/v2\/media\/505605"}],"wp:attachment":[{"href":"https:\/\/shop.kustom.ch\/fr\/wp-json\/wp\/v2\/media?parent=505599"}],"wp:term":[{"taxonomy":"product_brand","embeddable":true,"href":"https:\/\/shop.kustom.ch\/fr\/wp-json\/wp\/v2\/product_brand?post=505599"},{"taxonomy":"product_cat","embeddable":true,"href":"https:\/\/shop.kustom.ch\/fr\/wp-json\/wp\/v2\/product_cat?post=505599"},{"taxonomy":"product_tag","embeddable":true,"href":"https:\/\/shop.kustom.ch\/fr\/wp-json\/wp\/v2\/product_tag?post=505599"}],"curies":[{"name":"wp","href":"https:\/\/api.w.org\/{rel}","templated":true}]}}