{"id":505184,"date":"2025-01-25T00:08:20","date_gmt":"2025-01-24T23:08:20","guid":{"rendered":"https:\/\/shop.kustom.ch\/?post_type=product&#038;p=505184"},"modified":"2026-03-31T10:54:08","modified_gmt":"2026-03-31T09:54:08","slug":"lodgetown-woman","status":"publish","type":"product","link":"https:\/\/shop.kustom.ch\/fr\/produit\/lodgetown-woman\/","title":{"rendered":"Femme de Lodgetown"},"content":{"rendered":"<p>Veste Softshell coupe-vent et d\u00e9perlante. Fermeture \u00e9clair principale et poches lat\u00e9rales \u00e9tanches. Poche int\u00e9rieure zipp\u00e9e sur le c\u00f4t\u00e9 gauche.  Fermeture velcro r\u00e9glable aux poignets inf\u00e9rieurs. La capuche et l'ourlet sont r\u00e9glables \u00e0 l'aide de cordons \u00e9lastiques, la capuche est amovible. Une fermeture \u00e0 glissi\u00e8re dans la doublure facilite l'impression et la broderie.<\/p>\n<p>Mat\u00e9riau : Ext\u00e9rieur : 100% polyester, 285 g\/m\u00b2, li\u00e9 avec 100% polyester birdseye, WP 3000, MVP 3000. Doublure : 100% polyester (manches) + 100% polyester mesh<\/p>","protected":false},"excerpt":{"rendered":"<p>Wind- und wasserabweisende Softshell Jacke. Wasserdichter Haupt Reissverschluss und an den Seitentaschen. Innentasche mit Reissverschluss auf der linken Seite. Verstellbarer Klettverschluss an den unteren \u00c4rmelabschl\u00fcssen. Kapuze und Saum sind mit elastischen Kordeln verstellbar, die Kapuze ist abnehmbar. Ein Reissverschluss im Futter erleichtert das bedrucken und sticken. Material: Aussen: 100% Polyester, 285 g\/m\u00b2, bonded with 100% [&hellip;]<\/p>\n","protected":false},"featured_media":505235,"template":"","meta":[],"product_brand":[],"product_cat":[4186],"product_tag":[],"class_list":{"0":"post-505184","1":"product","2":"type-product","3":"status-publish","4":"has-post-thumbnail","6":"product_cat-jacken","7":"pa_brand-harvest","8":"pa_brand-type-sportswear","9":"pa_filter-color-blau","10":"pa_filter-color-gruen","11":"pa_filter-color-schwarz","13":"first","14":"instock","15":"sale","16":"taxable","17":"shipping-taxable","18":"purchasable","19":"product-type-variable","20":"add-to-wishlist-before_image"},"exclude_global_add_ons":[],"addons":[],"acf":[],"_links":{"self":[{"href":"https:\/\/shop.kustom.ch\/fr\/wp-json\/wp\/v2\/product\/505184"}],"collection":[{"href":"https:\/\/shop.kustom.ch\/fr\/wp-json\/wp\/v2\/product"}],"about":[{"href":"https:\/\/shop.kustom.ch\/fr\/wp-json\/wp\/v2\/types\/product"}],"wp:featuredmedia":[{"embeddable":true,"href":"https:\/\/shop.kustom.ch\/fr\/wp-json\/wp\/v2\/media\/505235"}],"wp:attachment":[{"href":"https:\/\/shop.kustom.ch\/fr\/wp-json\/wp\/v2\/media?parent=505184"}],"wp:term":[{"taxonomy":"product_brand","embeddable":true,"href":"https:\/\/shop.kustom.ch\/fr\/wp-json\/wp\/v2\/product_brand?post=505184"},{"taxonomy":"product_cat","embeddable":true,"href":"https:\/\/shop.kustom.ch\/fr\/wp-json\/wp\/v2\/product_cat?post=505184"},{"taxonomy":"product_tag","embeddable":true,"href":"https:\/\/shop.kustom.ch\/fr\/wp-json\/wp\/v2\/product_tag?post=505184"}],"curies":[{"name":"wp","href":"https:\/\/api.w.org\/{rel}","templated":true}]}}