{"id":505182,"date":"2025-01-25T00:08:20","date_gmt":"2025-01-24T23:08:20","guid":{"rendered":"https:\/\/shop.kustom.ch\/?post_type=product&#038;p=505182"},"modified":"2026-03-31T10:33:43","modified_gmt":"2026-03-31T09:33:43","slug":"lockwood-lady","status":"publish","type":"product","link":"https:\/\/shop.kustom.ch\/fr\/produit\/lockwood-lady\/","title":{"rendered":"Lockwood Lady"},"content":{"rendered":"<p>Veste polaire robuste et fonctionnelle avec membrane \u00e9lastique coupe-vent et imperm\u00e9able. Devant et dos en aspect piqu\u00e9, manches, c\u00f4t\u00e9s et int\u00e9rieur en polaire douillette. Poignets et ourlet inf\u00e9rieur en stretch.<\/p>\n<p>Mati\u00e8re : polyester 100%, 330 g\/m\u00b2. Tissu piqu\u00e9 Softshell tricot\u00e9, recouvert de polaire<br \/>\nWP3000, MVP3000<\/p>","protected":false},"excerpt":{"rendered":"<p>Robuste und funktionelle Fleece Jacke mit elastischer Wind- und Wasserabweisender Membrane. Front und R\u00fccken in Pqu\u00e9 Optik, \u00c4rmel, Seiten und Innen ist kuscheliger Fleece. Stretch B\u00fcndchen an \u00c4rmeln und unterem Saum. Material: 100% Polyester, 330 g\/m\u00b2. Gestrickes Piqu\u00e9 Softshell Material, mit Fleece \u00fcberzogen WP3000, MVP3000<\/p>","protected":false},"featured_media":505190,"template":"","meta":[],"product_brand":[],"product_cat":[4184],"product_tag":[],"class_list":{"0":"post-505182","1":"product","2":"type-product","3":"status-publish","4":"has-post-thumbnail","6":"product_cat-hoodies-pullover","7":"pa_brand-harvest","8":"pa_brand-type-sportswear","9":"pa_filter-color-blau","10":"pa_filter-color-schwarz","12":"first","13":"instock","14":"sale","15":"taxable","16":"shipping-taxable","17":"purchasable","18":"product-type-variable","19":"add-to-wishlist-before_image"},"exclude_global_add_ons":[],"addons":[],"acf":[],"_links":{"self":[{"href":"https:\/\/shop.kustom.ch\/fr\/wp-json\/wp\/v2\/product\/505182"}],"collection":[{"href":"https:\/\/shop.kustom.ch\/fr\/wp-json\/wp\/v2\/product"}],"about":[{"href":"https:\/\/shop.kustom.ch\/fr\/wp-json\/wp\/v2\/types\/product"}],"wp:featuredmedia":[{"embeddable":true,"href":"https:\/\/shop.kustom.ch\/fr\/wp-json\/wp\/v2\/media\/505190"}],"wp:attachment":[{"href":"https:\/\/shop.kustom.ch\/fr\/wp-json\/wp\/v2\/media?parent=505182"}],"wp:term":[{"taxonomy":"product_brand","embeddable":true,"href":"https:\/\/shop.kustom.ch\/fr\/wp-json\/wp\/v2\/product_brand?post=505182"},{"taxonomy":"product_cat","embeddable":true,"href":"https:\/\/shop.kustom.ch\/fr\/wp-json\/wp\/v2\/product_cat?post=505182"},{"taxonomy":"product_tag","embeddable":true,"href":"https:\/\/shop.kustom.ch\/fr\/wp-json\/wp\/v2\/product_tag?post=505182"}],"curies":[{"name":"wp","href":"https:\/\/api.w.org\/{rel}","templated":true}]}}