{"id":505112,"date":"2025-01-25T00:08:00","date_gmt":"2025-01-24T23:08:00","guid":{"rendered":"https:\/\/shop.kustom.ch\/?post_type=product&#038;p=505112"},"modified":"2026-03-31T10:51:41","modified_gmt":"2026-03-31T09:51:41","slug":"larkford-lady","status":"publish","type":"product","link":"https:\/\/shop.kustom.ch\/fr\/produit\/larkford-lady\/","title":{"rendered":"Larkford Lady"},"content":{"rendered":"<p>Polo piqu\u00e9 de haute qualit\u00e9 avec col Button Down. Bandeau Oxford tiss\u00e9 dans le col. Poignets de couleur contrast\u00e9e.<\/p>\n<p>Mati\u00e8re : 100% coton compact, 250 g\/m<\/p>","protected":false},"excerpt":{"rendered":"<p>Hochwertiges Pique Polo mit Button Down Kragen. Gewebtes Oxford Nackenband im Kragen. Kontrastfarbene \u00c4rmelbundchen. Material: 100% Kompaktbaumwolle, 250 g\/m\u00b2<\/p>","protected":false},"featured_media":505131,"template":"","meta":[],"product_brand":[],"product_cat":[4193],"product_tag":[],"class_list":{"0":"post-505112","1":"product","2":"type-product","3":"status-publish","4":"has-post-thumbnail","6":"product_cat-polos","7":"pa_brand-harvest","8":"pa_brand-type-sportswear","9":"pa_filter-color-blau","10":"pa_filter-color-grau","11":"pa_filter-color-rot","12":"pa_filter-color-schwarz","14":"first","15":"instock","16":"sale","17":"taxable","18":"shipping-taxable","19":"purchasable","20":"product-type-variable","21":"add-to-wishlist-before_image"},"exclude_global_add_ons":[],"addons":[],"acf":[],"_links":{"self":[{"href":"https:\/\/shop.kustom.ch\/fr\/wp-json\/wp\/v2\/product\/505112"}],"collection":[{"href":"https:\/\/shop.kustom.ch\/fr\/wp-json\/wp\/v2\/product"}],"about":[{"href":"https:\/\/shop.kustom.ch\/fr\/wp-json\/wp\/v2\/types\/product"}],"wp:featuredmedia":[{"embeddable":true,"href":"https:\/\/shop.kustom.ch\/fr\/wp-json\/wp\/v2\/media\/505131"}],"wp:attachment":[{"href":"https:\/\/shop.kustom.ch\/fr\/wp-json\/wp\/v2\/media?parent=505112"}],"wp:term":[{"taxonomy":"product_brand","embeddable":true,"href":"https:\/\/shop.kustom.ch\/fr\/wp-json\/wp\/v2\/product_brand?post=505112"},{"taxonomy":"product_cat","embeddable":true,"href":"https:\/\/shop.kustom.ch\/fr\/wp-json\/wp\/v2\/product_cat?post=505112"},{"taxonomy":"product_tag","embeddable":true,"href":"https:\/\/shop.kustom.ch\/fr\/wp-json\/wp\/v2\/product_tag?post=505112"}],"curies":[{"name":"wp","href":"https:\/\/api.w.org\/{rel}","templated":true}]}}