{"id":504926,"date":"2025-01-25T00:06:45","date_gmt":"2025-01-24T23:06:45","guid":{"rendered":"https:\/\/shop.kustom.ch\/?post_type=product&#038;p=504926"},"modified":"2026-03-31T10:36:04","modified_gmt":"2026-03-31T09:36:04","slug":"kingsley-vest-woman","status":"publish","type":"product","link":"https:\/\/shop.kustom.ch\/fr\/produit\/kingsley-vest-woman\/","title":{"rendered":"Gilet Kingsley femme"},"content":{"rendered":"<p>Gilet bicolore en polaire sherpa. Mat\u00e9riau contrast\u00e9 sur la poitrine et passepoil le long des bords des coutures. Poche de poitrine et poches lat\u00e9rales avec fermeture \u00e0 glissi\u00e8re. Cet article est livr\u00e9 dans un polybag biosourc\u00e9 et compostable.<\/p>\n<p>Mati\u00e8re : polaire sherpa : 100% polyester recycl\u00e9, 400 g\/m\u00b2 ; tissu de contraste : 50% polyester recycl\u00e9, 50% polyester, 160 g\/m<\/p>","protected":false},"excerpt":{"rendered":"<p>Zweifarbige Sherpa-Fleece-Weste. Kontrastmaterial auf der Brust und Paspelierung entlang der Kanten der N\u00e4hte. Brusttasche und Seitentaschen mit Reissverschluss. Dieser Artikel wird in einer biobasierten, kompostierbaren Polybag geliefert. Material: Sherpa-Fleece: 100% Recycling-Polyester, 400 g\/m\u00b2 ; Kontraststoff: 50% Recycling-Polyester, 50% Polyester, 160 g\/m\u00b2<\/p>","protected":false},"featured_media":504947,"template":"","meta":[],"product_brand":[],"product_cat":[4184],"product_tag":[],"class_list":{"0":"post-504926","1":"product","2":"type-product","3":"status-publish","4":"has-post-thumbnail","6":"product_cat-hoodies-pullover","7":"pa_brand-harvest","8":"pa_brand-type-sportswear","9":"pa_filter-color-blau","10":"pa_filter-color-gruen","11":"pa_filter-color-schwarz","13":"first","14":"instock","15":"sale","16":"taxable","17":"shipping-taxable","18":"purchasable","19":"product-type-variable","20":"add-to-wishlist-before_image"},"exclude_global_add_ons":[],"addons":[],"acf":[],"_links":{"self":[{"href":"https:\/\/shop.kustom.ch\/fr\/wp-json\/wp\/v2\/product\/504926"}],"collection":[{"href":"https:\/\/shop.kustom.ch\/fr\/wp-json\/wp\/v2\/product"}],"about":[{"href":"https:\/\/shop.kustom.ch\/fr\/wp-json\/wp\/v2\/types\/product"}],"wp:featuredmedia":[{"embeddable":true,"href":"https:\/\/shop.kustom.ch\/fr\/wp-json\/wp\/v2\/media\/504947"}],"wp:attachment":[{"href":"https:\/\/shop.kustom.ch\/fr\/wp-json\/wp\/v2\/media?parent=504926"}],"wp:term":[{"taxonomy":"product_brand","embeddable":true,"href":"https:\/\/shop.kustom.ch\/fr\/wp-json\/wp\/v2\/product_brand?post=504926"},{"taxonomy":"product_cat","embeddable":true,"href":"https:\/\/shop.kustom.ch\/fr\/wp-json\/wp\/v2\/product_cat?post=504926"},{"taxonomy":"product_tag","embeddable":true,"href":"https:\/\/shop.kustom.ch\/fr\/wp-json\/wp\/v2\/product_tag?post=504926"}],"curies":[{"name":"wp","href":"https:\/\/api.w.org\/{rel}","templated":true}]}}