{"id":504793,"date":"2025-01-25T00:05:55","date_gmt":"2025-01-24T23:05:55","guid":{"rendered":"https:\/\/shop.kustom.ch\/?post_type=product&#038;p=504793"},"modified":"2026-03-31T10:39:50","modified_gmt":"2026-03-31T09:39:50","slug":"keyport","status":"publish","type":"product","link":"https:\/\/shop.kustom.ch\/fr\/produit\/keyport\/","title":{"rendered":"Keyport"},"content":{"rendered":"<p>Pull \u00e0 capuche \u00e0 zip int\u00e9gral. Le devant l\u00e9g\u00e8rement rembourr\u00e9 est de couleur contrast\u00e9e. Le pull a deux poches lat\u00e9rales zipp\u00e9es, des manches raglan et des ouvertures pour les pouces. Il est livr\u00e9 dans un sac biosourc\u00e9 et compostable.<\/p>\n<p>Mati\u00e8re : Mati\u00e8re 1 : 100% polyester recycl\u00e9, 260 g\/m\u00b2, int\u00e9rieur bross\u00e9<br \/>\nMati\u00e8re 2 : polyester recycl\u00e9 50%, polyester 50%<br \/>\nRembourrage : 100 % polyester recycl\u00e9<\/p>","protected":false},"excerpt":{"rendered":"<p>Full Zip Hoodie Pullover. Die leicht gepolsterte Vorderseite ist in Kontrastfarbe gehalten. Der Pullover hat zwei Seitentaschen mit Reissverschluss, Raglan\u00e4rmel und Daumen\u00f6ffnungen. Er wird in einem biobasierten, kompostierbaren Beutel geliefert. Material: Material 1: 100% Recycling-Polyester, 260 g\/m\u00b2, innen Geb\u00fcrstet Material 2: 50% Recycling-Polyester, 50% Polyester Wattierung: 100 % Recycling-Polyester<\/p>","protected":false},"featured_media":504848,"template":"","meta":[],"product_brand":[],"product_cat":[4186],"product_tag":[],"class_list":{"0":"post-504793","1":"product","2":"type-product","3":"status-publish","4":"has-post-thumbnail","6":"product_cat-jacken","7":"pa_brand-harvest","8":"pa_brand-type-sportswear","9":"pa_filter-color-blau","10":"pa_filter-color-gruen","11":"pa_filter-color-schwarz","13":"first","14":"instock","15":"sale","16":"taxable","17":"shipping-taxable","18":"purchasable","19":"product-type-variable","20":"add-to-wishlist-before_image"},"exclude_global_add_ons":[],"addons":[],"acf":[],"_links":{"self":[{"href":"https:\/\/shop.kustom.ch\/fr\/wp-json\/wp\/v2\/product\/504793"}],"collection":[{"href":"https:\/\/shop.kustom.ch\/fr\/wp-json\/wp\/v2\/product"}],"about":[{"href":"https:\/\/shop.kustom.ch\/fr\/wp-json\/wp\/v2\/types\/product"}],"wp:featuredmedia":[{"embeddable":true,"href":"https:\/\/shop.kustom.ch\/fr\/wp-json\/wp\/v2\/media\/504848"}],"wp:attachment":[{"href":"https:\/\/shop.kustom.ch\/fr\/wp-json\/wp\/v2\/media?parent=504793"}],"wp:term":[{"taxonomy":"product_brand","embeddable":true,"href":"https:\/\/shop.kustom.ch\/fr\/wp-json\/wp\/v2\/product_brand?post=504793"},{"taxonomy":"product_cat","embeddable":true,"href":"https:\/\/shop.kustom.ch\/fr\/wp-json\/wp\/v2\/product_cat?post=504793"},{"taxonomy":"product_tag","embeddable":true,"href":"https:\/\/shop.kustom.ch\/fr\/wp-json\/wp\/v2\/product_tag?post=504793"}],"curies":[{"name":"wp","href":"https:\/\/api.w.org\/{rel}","templated":true}]}}