{"id":504792,"date":"2025-01-25T00:05:55","date_gmt":"2025-01-24T23:05:55","guid":{"rendered":"https:\/\/shop.kustom.ch\/?post_type=product&#038;p=504792"},"modified":"2025-05-06T16:12:35","modified_gmt":"2025-05-06T15:12:35","slug":"key-ring","status":"publish","type":"product","link":"https:\/\/shop.kustom.ch\/fr\/produit\/key-ring\/","title":{"rendered":"Key Ring"},"content":{"rendered":"<p>Porte-cl\u00e9s avec boucle en cuir. Dimension de l'anneau : 30 mm. Pointe en acier bross\u00e9.<\/p>\n<p>Mat\u00e9riau : 100% cuir v\u00e9ritable et m\u00e9tal sans nickel<\/p>","protected":false},"excerpt":{"rendered":"<p>Schl\u00fcsselanh\u00e4nger mit Lederschlaufe. Ringmass, 30 mm. Spitze aus geb\u00fcrstetem Stahl. Material: 100% echtes Leder und nickelfreiem Metall<\/p>","protected":false},"featured_media":504846,"template":"","meta":[],"product_brand":[],"product_cat":[4195,4209],"product_tag":[],"class_list":{"0":"post-504792","1":"product","2":"type-product","3":"status-publish","4":"has-post-thumbnail","6":"product_cat-rucksaecke-taschen","7":"product_cat-zubehoer","8":"pa_brand-harvest","9":"pa_brand-type-sportswear","10":"pa_filter-color-braun","12":"first","13":"instock","14":"sale","15":"taxable","16":"shipping-taxable","17":"purchasable","18":"product-type-variable","19":"add-to-wishlist-before_image"},"exclude_global_add_ons":[],"addons":[],"acf":[],"_links":{"self":[{"href":"https:\/\/shop.kustom.ch\/fr\/wp-json\/wp\/v2\/product\/504792"}],"collection":[{"href":"https:\/\/shop.kustom.ch\/fr\/wp-json\/wp\/v2\/product"}],"about":[{"href":"https:\/\/shop.kustom.ch\/fr\/wp-json\/wp\/v2\/types\/product"}],"wp:featuredmedia":[{"embeddable":true,"href":"https:\/\/shop.kustom.ch\/fr\/wp-json\/wp\/v2\/media\/504846"}],"wp:attachment":[{"href":"https:\/\/shop.kustom.ch\/fr\/wp-json\/wp\/v2\/media?parent=504792"}],"wp:term":[{"taxonomy":"product_brand","embeddable":true,"href":"https:\/\/shop.kustom.ch\/fr\/wp-json\/wp\/v2\/product_brand?post=504792"},{"taxonomy":"product_cat","embeddable":true,"href":"https:\/\/shop.kustom.ch\/fr\/wp-json\/wp\/v2\/product_cat?post=504792"},{"taxonomy":"product_tag","embeddable":true,"href":"https:\/\/shop.kustom.ch\/fr\/wp-json\/wp\/v2\/product_tag?post=504792"}],"curies":[{"name":"wp","href":"https:\/\/api.w.org\/{rel}","templated":true}]}}