{"id":504791,"date":"2025-01-25T00:05:55","date_gmt":"2025-01-24T23:05:55","guid":{"rendered":"https:\/\/shop.kustom.ch\/?post_type=product&#038;p=504791"},"modified":"2026-03-31T10:55:54","modified_gmt":"2026-03-31T09:55:54","slug":"jupiter-lady","status":"publish","type":"product","link":"https:\/\/shop.kustom.ch\/fr\/produit\/jupiter-lady\/","title":{"rendered":"JUPITER LADY"},"content":{"rendered":"<p>Chemise en jean Button Down avec poignets r\u00e9glables. Poche de poitrine des deux c\u00f4t\u00e9s. Motif \u00e0 carreaux \u00e0 l'int\u00e9rieur des \u00e9paules et des poignets. Ourlet l\u00e9g\u00e8rement bomb\u00e9.<\/p>\n<p>Mati\u00e8re : 100% coton<br \/>\n135g\/m\u00b2 (1,5 lb)<\/p>","protected":false},"excerpt":{"rendered":"<p>Button Down Jeanshemd mit verstellbaren \u00c4rmelb\u00fcndchen. Brusttasche auf beiden Seiten. Kariertes Muster an der Innenseite der Schultern und Manschetten. Leicht gew\u00f6lbter Saum. Material: 100% Baumwolle 135g\/m\u00b2<\/p>","protected":false},"featured_media":504832,"template":"","meta":[],"product_brand":[],"product_cat":[9895],"product_tag":[],"class_list":{"0":"post-504791","1":"product","2":"type-product","3":"status-publish","4":"has-post-thumbnail","6":"product_cat-blusen","7":"pa_brand-harvest","8":"pa_brand-type-sportswear","9":"pa_filter-color-blau","10":"pa_filter-color-grau","12":"first","13":"instock","14":"sale","15":"taxable","16":"shipping-taxable","17":"purchasable","18":"product-type-variable","19":"add-to-wishlist-before_image"},"exclude_global_add_ons":[],"addons":[],"acf":[],"_links":{"self":[{"href":"https:\/\/shop.kustom.ch\/fr\/wp-json\/wp\/v2\/product\/504791"}],"collection":[{"href":"https:\/\/shop.kustom.ch\/fr\/wp-json\/wp\/v2\/product"}],"about":[{"href":"https:\/\/shop.kustom.ch\/fr\/wp-json\/wp\/v2\/types\/product"}],"wp:featuredmedia":[{"embeddable":true,"href":"https:\/\/shop.kustom.ch\/fr\/wp-json\/wp\/v2\/media\/504832"}],"wp:attachment":[{"href":"https:\/\/shop.kustom.ch\/fr\/wp-json\/wp\/v2\/media?parent=504791"}],"wp:term":[{"taxonomy":"product_brand","embeddable":true,"href":"https:\/\/shop.kustom.ch\/fr\/wp-json\/wp\/v2\/product_brand?post=504791"},{"taxonomy":"product_cat","embeddable":true,"href":"https:\/\/shop.kustom.ch\/fr\/wp-json\/wp\/v2\/product_cat?post=504791"},{"taxonomy":"product_tag","embeddable":true,"href":"https:\/\/shop.kustom.ch\/fr\/wp-json\/wp\/v2\/product_tag?post=504791"}],"curies":[{"name":"wp","href":"https:\/\/api.w.org\/{rel}","templated":true}]}}