{"id":504589,"date":"2025-01-25T00:04:50","date_gmt":"2025-01-24T23:04:50","guid":{"rendered":"https:\/\/shop.kustom.ch\/?post_type=product&#038;p=504589"},"modified":"2026-03-31T10:48:11","modified_gmt":"2026-03-31T09:48:11","slug":"hopedale-crewneck","status":"publish","type":"product","link":"https:\/\/shop.kustom.ch\/fr\/produit\/hopedale-crewneck\/","title":{"rendered":"Tricot Hopedale"},"content":{"rendered":"<p>Pull \u00e0 col rond et \u00e0 la coupe d\u00e9contract\u00e9e avec des \u00e9paules recoup\u00e9es. Int\u00e9rieur bross\u00e9. Larges bordures c\u00f4tel\u00e9es aux manches et \u00e0 l'ourlet. Cet article est livr\u00e9 dans un polybag biosourc\u00e9 et compostable. Certifi\u00e9 Oeko-Tex.<\/p>\n<p>Mati\u00e8re : 85% coton organique, 15% polyester recycl\u00e9 ; 350 g\/m\u00b2.<\/p>","protected":false},"excerpt":{"rendered":"<p>Locker geschnittener Rundhalsausschnitt-Pullover mit \u00fcberschnittenen Schultern. Innen aufgeb\u00fcrstet. Breite Rippabschl\u00fcsse an \u00c4rmeln und Saum. Dieser Artikel wird in einer biobasierten, kompostierbaren Polybag geliefert. Oeko-Tex zertifiziert. Material: 85% Organic Baumwolle, 15% Recycling-Polyester ; 350 g\/m\u00b2<\/p>","protected":false},"featured_media":504615,"template":"","meta":[],"product_brand":[],"product_cat":[4191],"product_tag":[],"class_list":{"0":"post-504589","1":"product","2":"type-product","3":"status-publish","4":"has-post-thumbnail","6":"product_cat-longsleeves-sweatshirts","7":"pa_brand-harvest","8":"pa_brand-type-sportswear","9":"pa_filter-color-blau","10":"pa_filter-color-grau","11":"pa_filter-color-gruen","12":"pa_filter-color-rot","13":"pa_filter-color-schwarz","15":"first","16":"instock","17":"sale","18":"taxable","19":"shipping-taxable","20":"purchasable","21":"product-type-variable","22":"add-to-wishlist-before_image"},"exclude_global_add_ons":[],"addons":[],"acf":[],"_links":{"self":[{"href":"https:\/\/shop.kustom.ch\/fr\/wp-json\/wp\/v2\/product\/504589"}],"collection":[{"href":"https:\/\/shop.kustom.ch\/fr\/wp-json\/wp\/v2\/product"}],"about":[{"href":"https:\/\/shop.kustom.ch\/fr\/wp-json\/wp\/v2\/types\/product"}],"wp:featuredmedia":[{"embeddable":true,"href":"https:\/\/shop.kustom.ch\/fr\/wp-json\/wp\/v2\/media\/504615"}],"wp:attachment":[{"href":"https:\/\/shop.kustom.ch\/fr\/wp-json\/wp\/v2\/media?parent=504589"}],"wp:term":[{"taxonomy":"product_brand","embeddable":true,"href":"https:\/\/shop.kustom.ch\/fr\/wp-json\/wp\/v2\/product_brand?post=504589"},{"taxonomy":"product_cat","embeddable":true,"href":"https:\/\/shop.kustom.ch\/fr\/wp-json\/wp\/v2\/product_cat?post=504589"},{"taxonomy":"product_tag","embeddable":true,"href":"https:\/\/shop.kustom.ch\/fr\/wp-json\/wp\/v2\/product_tag?post=504589"}],"curies":[{"name":"wp","href":"https:\/\/api.w.org\/{rel}","templated":true}]}}