{"id":504587,"date":"2025-01-25T00:04:50","date_gmt":"2025-01-24T23:04:50","guid":{"rendered":"https:\/\/shop.kustom.ch\/?post_type=product&#038;p=504587"},"modified":"2026-03-31T10:49:03","modified_gmt":"2026-03-31T09:49:03","slug":"highwoods","status":"publish","type":"product","link":"https:\/\/shop.kustom.ch\/fr\/produit\/highwoods\/","title":{"rendered":"Highwoods"},"content":{"rendered":"<p>Chemise unisexe en serg\u00e9 de coton avec empi\u00e8cement au dos et patte de boutonnage sur toute la longueur \u00e0 l'avant. Poches poitrine avec rabat et bouton, ourlet arrondi.<\/p>\n<p>Mati\u00e8re : 100% coton, 300 g\/m\u00b2.<\/p>","protected":false},"excerpt":{"rendered":"<p>Unisex Twill Hemd aus Baumwolle mit R\u00fcckenpasse und durchgehender Knopfleiste auf der Vorderseite. Brusttaschen mit Klappe und Knopf, abgerundeter Saum. Material: 100% Baumwolle, 300 g\/m\u00b2<\/p>","protected":false},"featured_media":504590,"template":"","meta":[],"product_brand":[],"product_cat":[9874],"product_tag":[],"class_list":{"0":"post-504587","1":"product","2":"type-product","3":"status-publish","4":"has-post-thumbnail","6":"product_cat-hemden","7":"pa_brand-harvest","8":"pa_brand-type-sportswear","9":"pa_filter-color-blau","10":"pa_filter-color-schwarz","12":"first","13":"instock","14":"sale","15":"taxable","16":"shipping-taxable","17":"purchasable","18":"product-type-variable","19":"add-to-wishlist-before_image"},"exclude_global_add_ons":[],"addons":[],"acf":[],"_links":{"self":[{"href":"https:\/\/shop.kustom.ch\/fr\/wp-json\/wp\/v2\/product\/504587"}],"collection":[{"href":"https:\/\/shop.kustom.ch\/fr\/wp-json\/wp\/v2\/product"}],"about":[{"href":"https:\/\/shop.kustom.ch\/fr\/wp-json\/wp\/v2\/types\/product"}],"wp:featuredmedia":[{"embeddable":true,"href":"https:\/\/shop.kustom.ch\/fr\/wp-json\/wp\/v2\/media\/504590"}],"wp:attachment":[{"href":"https:\/\/shop.kustom.ch\/fr\/wp-json\/wp\/v2\/media?parent=504587"}],"wp:term":[{"taxonomy":"product_brand","embeddable":true,"href":"https:\/\/shop.kustom.ch\/fr\/wp-json\/wp\/v2\/product_brand?post=504587"},{"taxonomy":"product_cat","embeddable":true,"href":"https:\/\/shop.kustom.ch\/fr\/wp-json\/wp\/v2\/product_cat?post=504587"},{"taxonomy":"product_tag","embeddable":true,"href":"https:\/\/shop.kustom.ch\/fr\/wp-json\/wp\/v2\/product_tag?post=504587"}],"curies":[{"name":"wp","href":"https:\/\/api.w.org\/{rel}","templated":true}]}}