{"id":504521,"date":"2025-01-25T00:04:26","date_gmt":"2025-01-24T23:04:26","guid":{"rendered":"https:\/\/shop.kustom.ch\/?post_type=product&#038;p=504521"},"modified":"2026-03-31T10:35:39","modified_gmt":"2026-03-31T09:35:39","slug":"heritage-jacket","status":"publish","type":"product","link":"https:\/\/shop.kustom.ch\/fr\/produit\/heritage-jacket\/","title":{"rendered":"Veste Heritage"},"content":{"rendered":"<p>Veste bomber en cuir avec logo JHS en relief \u00e0 l'arri\u00e8re. Bords c\u00f4te \u00e9pais au col, \u00e0 l'ourlet et aux extr\u00e9mit\u00e9s des manches. Deux poches zipp\u00e9es \u00e0 l'avant et deux poches int\u00e9rieures. Livr\u00e9 dans un polybag biosourc\u00e9 et compostable.<\/p>\n<p>Mat\u00e9riau : Ext\u00e9rieur : 100% goat leather su\u00e9dois. Doublure : 100% polyester recycl\u00e9<\/p>","protected":false},"excerpt":{"rendered":"<p>Leder-Bomberjacke mit gepr\u00e4gtem JHS-Logo auf der R\u00fcckseite. Schwere Rippb\u00fcndchen am Kragen, Saum und an den \u00c4rmelenden. Zwei Reissverschlusstaschen vorne und zwei Innentaschen. Geliefert in einer biobasierten, kompostierbaren Polybag. Material: Aussenmaterial: 100% goat leather schweden. Futter: 100% recyceltes Polyester<\/p>","protected":false},"featured_media":504572,"template":"","meta":[],"product_brand":[],"product_cat":[4186],"product_tag":[],"class_list":{"0":"post-504521","1":"product","2":"type-product","3":"status-publish","4":"has-post-thumbnail","6":"product_cat-jacken","7":"pa_brand-harvest","8":"pa_brand-type-sportswear","9":"pa_filter-color-blau","11":"first","12":"instock","13":"sale","14":"taxable","15":"shipping-taxable","16":"purchasable","17":"product-type-variable","18":"add-to-wishlist-before_image"},"exclude_global_add_ons":[],"addons":[],"acf":[],"_links":{"self":[{"href":"https:\/\/shop.kustom.ch\/fr\/wp-json\/wp\/v2\/product\/504521"}],"collection":[{"href":"https:\/\/shop.kustom.ch\/fr\/wp-json\/wp\/v2\/product"}],"about":[{"href":"https:\/\/shop.kustom.ch\/fr\/wp-json\/wp\/v2\/types\/product"}],"wp:featuredmedia":[{"embeddable":true,"href":"https:\/\/shop.kustom.ch\/fr\/wp-json\/wp\/v2\/media\/504572"}],"wp:attachment":[{"href":"https:\/\/shop.kustom.ch\/fr\/wp-json\/wp\/v2\/media?parent=504521"}],"wp:term":[{"taxonomy":"product_brand","embeddable":true,"href":"https:\/\/shop.kustom.ch\/fr\/wp-json\/wp\/v2\/product_brand?post=504521"},{"taxonomy":"product_cat","embeddable":true,"href":"https:\/\/shop.kustom.ch\/fr\/wp-json\/wp\/v2\/product_cat?post=504521"},{"taxonomy":"product_tag","embeddable":true,"href":"https:\/\/shop.kustom.ch\/fr\/wp-json\/wp\/v2\/product_tag?post=504521"}],"curies":[{"name":"wp","href":"https:\/\/api.w.org\/{rel}","templated":true}]}}